{"id":8651,"date":"2023-01-22T14:51:21","date_gmt":"2023-01-22T12:51:21","guid":{"rendered":"http:\/\/m.pixelsavenue.top\/?page_id=8651"},"modified":"2023-03-31T14:15:45","modified_gmt":"2023-03-31T11:15:45","slug":"fatrafol","status":"publish","type":"page","link":"https:\/\/montaco.md\/ru\/partnery\/fatrafol\/","title":{"rendered":"Fatrafol"},"content":{"rendered":"<section class=\"top-banner\">\r\n\t<div class=\"image-layer\" style=\"background: url(https:\/\/montaco.md\/wp-content\/uploads\/2023\/01\/materials-roofs.jpg) no-repeat center; background-size: cover;\"><\/div>\r\n\t<div class=\"text-layer\">\r\n\t\t<div class=\"decor-element\">\r\n\t\t\t<span style=\"background: url(https:\/\/montaco.md\/wp-content\/themes\/montaco\/images\/polygon-6.svg) no-repeat center; background-size:cover;\"><\/span>\r\n\t\t<\/div>\r\n\t\t<div class=\"container\">\r\n\t\t\t<h1>\r\n\t\t\t\tFatrafol<br>\r\n\t\t\t\t\t\t\t\t\t<img decoding=\"async\" src=\"https:\/\/montaco.md\/wp-content\/uploads\/2023\/03\/Logo-Fatrafol.jpg\" alt=\"Fatrafol\" class=\"brand-logo\">\r\n\t\t\t\t\t\t\t<\/h1>\r\n\t\t<\/div>\r\n\t<\/div>\r\n<\/section>\n\n<section class=\"brand-info-section pb-0\">\r\n\t<div class=\"container\">\r\n\t\t<h2 class=\"section-title color-secondary\"><span>\u041f\u0440\u043e Fatrafol<\/span><\/h2>\r\n\t\t<div class=\"about-us-content\">\r\n\t\t\t<div class=\"row\">\r\n\t\t\t\t\t\t\t\t<div class=\"col-md-12\"><h4>\u041f\u0440\u0435\u043c\u0438\u0443\u043c<\/h4>\n<p>Fatrafol \u043f\u0440\u0435\u0434\u043b\u0430\u0433\u0430\u0435\u0442 \u043c\u0435\u043c\u0431\u0440\u0430\u043d\u044b \u0434\u043b\u044f \u0433\u0438\u0434\u0440\u043e\u0438\u0437\u043e\u043b\u044f\u0446\u0438\u0438: \u043a\u0440\u044b\u0448, \u0431\u0430\u043b\u043a\u043e\u043d\u043e\u0432, \u0442\u0435\u0440\u0440\u0430\u0441, \u0444\u0443\u043d\u0434\u0430\u043c\u0435\u043d\u0442\u043e\u0432&#8230; \u041e\u0431\u043b\u0430\u0434\u0430\u0435\u0442 \u0432\u044b\u0441\u043e\u043a\u043e\u0439 \u0443\u0441\u0442\u043e\u0439\u0447\u0438\u0432\u043e\u0441\u0442\u044c\u044e \u043a \u0445\u0438\u043c\u0438\u0447\u0435\u0441\u043a\u0438\u043c \u0430\u0433\u0435\u043d\u0442\u0430\u043c \u0438 \u043c\u0435\u0445\u0430\u043d\u0438\u0447\u0435\u0441\u043a\u043e\u043c\u0443 \u0438\u0437\u043d\u043e\u0441\u0443. \u0423\u0441\u043b\u0443\u0433\u0438 \u043f\u043e \u0433\u0438\u0434\u0440\u043e\u0438\u0437\u043e\u043b\u044f\u0446\u0438\u0438 \u0441 \u0433\u0430\u0440\u0430\u043d\u0442\u0438\u0435\u0439 \u043f\u043e \u0432\u0441\u0435\u0439 \u041c\u043e\u043b\u0434\u043e\u0432\u0435.<\/p>\n<\/div>\r\n\t\t\t\t\t\t\t<\/div>\r\n\t\t<\/div>\t\r\n\t<\/div>\r\n<\/section>\n\n<div class=\"product-variations-block\">\r\n\t\t<div class=\"container\">\r\n\t\t\t<div class=\"main-slider-column\">\r\n\t\t\t\t<div class=\"product-variations-main-slider owl-carousel\">\r\n\t\t\t\t\t\t\t\t\t\t\t\t\t\t\t<div class=\"variation-slide\" data-hash=\"sl-0\" data-thumb-1=\"https:\/\/montaco.md\/wp-content\/uploads\/2023\/03\/Fatrafol-814-1.jpg\" data-thumb-2=\"https:\/\/montaco.md\/wp-content\/uploads\/2023\/03\/Fatrafol-814-1-1.jpg\" data-thumb-3=\"https:\/\/montaco.md\/wp-content\/uploads\/2023\/03\/Fatrafol-804-1.jpg\" data-thumb-4=\"https:\/\/montaco.md\/wp-content\/uploads\/2023\/03\/814.jpg\">\r\n\t\t\t\t\t\t<h4>Fatrafol 818<\/h4>\r\n\t\t\t\t\t\t<img decoding=\"async\" class=\"variation-slide-thumbnail\" src=\"https:\/\/montaco.md\/wp-content\/uploads\/2023\/03\/Fatrafol-818-1.jpg\" alt=\"Membrane pentru hidroizola\u021bie PVC Fatrafol 818\">\r\n\t\t\t\t\t<\/div>\t\r\n\t\t\t\t\t\t\t\t\t\t\t\t\t\t\t<div class=\"variation-slide\" data-hash=\"sl-1\" data-thumb-1=\"https:\/\/montaco.md\/wp-content\/uploads\/2023\/03\/Fatrafol-814-1-1.jpg\" data-thumb-2=\"https:\/\/montaco.md\/wp-content\/uploads\/2023\/03\/Fatrafol-804-1.jpg\" data-thumb-3=\"https:\/\/montaco.md\/wp-content\/uploads\/2023\/03\/814.jpg\" data-thumb-4=\"https:\/\/montaco.md\/wp-content\/uploads\/2023\/03\/Fatrafol-panouri-solare-1.jpg\">\r\n\t\t\t\t\t\t<h4>Fatrafol 814<\/h4>\r\n\t\t\t\t\t\t<img decoding=\"async\" class=\"variation-slide-thumbnail\" src=\"https:\/\/montaco.md\/wp-content\/uploads\/2023\/03\/Fatrafol-814-1.jpg\" alt=\"Membrane pentru hidroizola\u021bie PVC Fatrafol 814\">\r\n\t\t\t\t\t<\/div>\t\r\n\t\t\t\t\t\t\t\t\t\t\t\t\t\t\t<div class=\"variation-slide\" data-hash=\"sl-2\" data-thumb-1=\"https:\/\/montaco.md\/wp-content\/uploads\/2023\/03\/Fatrafol-804-1.jpg\" data-thumb-2=\"https:\/\/montaco.md\/wp-content\/uploads\/2023\/03\/814.jpg\" data-thumb-3=\"https:\/\/montaco.md\/wp-content\/uploads\/2023\/03\/Fatrafol-panouri-solare-1.jpg\" data-thumb-4=\"\">\r\n\t\t\t\t\t\t<h4>Fatrafol 807<\/h4>\r\n\t\t\t\t\t\t<img decoding=\"async\" class=\"variation-slide-thumbnail\" src=\"https:\/\/montaco.md\/wp-content\/uploads\/2023\/03\/Fatrafol-814-1-1.jpg\" alt=\"Membrane pentru hidroizola\u021bie PVC Fatrafol 814\">\r\n\t\t\t\t\t<\/div>\t\r\n\t\t\t\t\t\t\t\t\t\t\t\t\t\t\t<div class=\"variation-slide\" data-hash=\"sl-3\" data-thumb-1=\"https:\/\/montaco.md\/wp-content\/uploads\/2023\/03\/814.jpg\" data-thumb-2=\"https:\/\/montaco.md\/wp-content\/uploads\/2023\/03\/Fatrafol-panouri-solare-1.jpg\" data-thumb-3=\"\" data-thumb-4=\"\">\r\n\t\t\t\t\t\t<h4>Fatrafol 804<\/h4>\r\n\t\t\t\t\t\t<img decoding=\"async\" class=\"variation-slide-thumbnail\" src=\"https:\/\/montaco.md\/wp-content\/uploads\/2023\/03\/Fatrafol-804-1.jpg\" alt=\"Membrane pentru hidroizola\u021bie PVC Fatrafol 804\">\r\n\t\t\t\t\t<\/div>\t\r\n\t\t\t\t\t\t\t\t\t\t\t\t\t\t\t<div class=\"variation-slide\" data-hash=\"sl-4\" data-thumb-1=\"https:\/\/montaco.md\/wp-content\/uploads\/2023\/03\/Fatrafol-panouri-solare-1.jpg\" data-thumb-2=\"\" data-thumb-3=\"\" data-thumb-4=\"\">\r\n\t\t\t\t\t\t<h4>814<\/h4>\r\n\t\t\t\t\t\t<img decoding=\"async\" class=\"variation-slide-thumbnail\" src=\"https:\/\/montaco.md\/wp-content\/uploads\/2023\/03\/814.jpg\" alt=\"Membrane pentru hidroizola\u021bie PVC Fatrafol 814\">\r\n\t\t\t\t\t<\/div>\t\r\n\t\t\t\t\t\t\t\t\t\t\t\t\t\t\t<div class=\"variation-slide\" data-hash=\"sl-5\" data-thumb-1=\"\" data-thumb-2=\"\" data-thumb-3=\"\" data-thumb-4=\"\">\r\n\t\t\t\t\t\t<h4>\u0413\u0438\u0434\u0440\u043e\u0438\u0437\u043e\u043b\u044f\u0446\u0438\u043e\u043d\u043d\u044b\u0435 \u043c\u0435\u043c\u0431\u0440\u0430\u043d\u044b \u0441 \u0441\u043e\u043b\u043d\u0435\u0447\u043d\u044b\u043c\u0438 \u043f\u0430\u043d\u0435\u043b\u044f\u043c\u0438<\/h4>\r\n\t\t\t\t\t\t<img decoding=\"async\" class=\"variation-slide-thumbnail\" src=\"https:\/\/montaco.md\/wp-content\/uploads\/2023\/03\/Fatrafol-panouri-solare-1.jpg\" alt=\"Membrane pentru hidroizola\u021bie PVC\">\r\n\t\t\t\t\t<\/div>\t\r\n\t\t\t\t\t\t\t\t\t<\/div>\r\n\t\t\t\t<div class=\"product-variations-nav-slider owl-carousel\">\r\n\t\t\t\t\t\t\t\t\t\t<div>\r\n\t\t\t\t\t\t<a href=\"#sl-0\" class=\"variation-thumbnail\" style=\"background: url(https:\/\/montaco.md\/wp-content\/uploads\/2023\/03\/Fatrafol-818-1.jpg) no-repeat center; background-size: cover;\"><\/a>\r\n\t\t\t\t\t<\/div>\r\n\t\t\t\t\t\t\t\t\t\t<div>\r\n\t\t\t\t\t\t<a href=\"#sl-1\" class=\"variation-thumbnail\" style=\"background: url(https:\/\/montaco.md\/wp-content\/uploads\/2023\/03\/Fatrafol-814-1.jpg) no-repeat center; background-size: cover;\"><\/a>\r\n\t\t\t\t\t<\/div>\r\n\t\t\t\t\t\t\t\t\t\t<div>\r\n\t\t\t\t\t\t<a href=\"#sl-2\" class=\"variation-thumbnail\" style=\"background: url(https:\/\/montaco.md\/wp-content\/uploads\/2023\/03\/Fatrafol-814-1-1.jpg) no-repeat center; background-size: cover;\"><\/a>\r\n\t\t\t\t\t<\/div>\r\n\t\t\t\t\t\t\t\t\t\t<div>\r\n\t\t\t\t\t\t<a href=\"#sl-3\" class=\"variation-thumbnail\" style=\"background: url(https:\/\/montaco.md\/wp-content\/uploads\/2023\/03\/Fatrafol-804-1.jpg) no-repeat center; background-size: cover;\"><\/a>\r\n\t\t\t\t\t<\/div>\r\n\t\t\t\t\t\t\t\t\t\t<div>\r\n\t\t\t\t\t\t<a href=\"#sl-4\" class=\"variation-thumbnail\" style=\"background: url(https:\/\/montaco.md\/wp-content\/uploads\/2023\/03\/814.jpg) no-repeat center; background-size: cover;\"><\/a>\r\n\t\t\t\t\t<\/div>\r\n\t\t\t\t\t\t\t\t\t\t<div>\r\n\t\t\t\t\t\t<a href=\"#sl-5\" class=\"variation-thumbnail\" style=\"background: url(https:\/\/montaco.md\/wp-content\/uploads\/2023\/03\/Fatrafol-panouri-solare-1.jpg) no-repeat center; background-size: cover;\"><\/a>\r\n\t\t\t\t\t<\/div>\r\n\t\t\t\t\t\t\t\t\t\r\n\t\t\t\t<\/div>\r\n\t\t\t<\/div>\r\n\t\t\t<div class=\"nav-slider-column\">\r\n\t\t\t\t<div class=\"nav-slider\">\r\n\t\t\t\t\t\t\t\t\t\t<div class=\"variation-nav-thumbnail thumbnail-1\" style=\"background: url(https:\/\/montaco.md\/wp-content\/uploads\/2023\/03\/Fatrafol-814-1.jpg) no-repeat center; background-size: cover;\">\r\n\t\t\t\t\t\t\t\t\t\t<\/div>\r\n\t\t\t\t\t\t\t\t\t\t<div class=\"variation-nav-thumbnail thumbnail-2\" style=\"background: url(https:\/\/montaco.md\/wp-content\/uploads\/2023\/03\/Fatrafol-814-1-1.jpg) no-repeat center; background-size: cover;\">\r\n\t\t\t\t\t\t\t\t\t\t<\/div>\r\n\t\t\t\t\t\t\t\t\t\t<div class=\"variation-nav-thumbnail thumbnail-3\" style=\"background: url(https:\/\/montaco.md\/wp-content\/uploads\/2023\/03\/Fatrafol-804-1.jpg) no-repeat center; background-size: cover;\">\r\n\t\t\t\t\t\t\t\t\t\t<\/div>\r\n\t\t\t\t\t\t\t\t\t\t<div class=\"variation-nav-thumbnail thumbnail-4\" style=\"background: url(https:\/\/montaco.md\/wp-content\/uploads\/2023\/03\/814.jpg) no-repeat center; background-size: cover;\">\r\n\t\t\t\t\t\t\t\t\t\t\t<div class=\"more-items-block\" id=\"more-items-block\"><div>+<span><\/span><\/div><\/div>\r\n\t\t\t\t\t\t\t\t\t\t<\/div>\r\n\t\t\t\t\t\t\t\t\t\t\t\t\t\t\t\t\t\t\t\t\t\t\t\t\r\n\t\t\t\t<\/div>\t\t\t\t\t\t\t\r\n\t\t\t<\/div>\r\n\t\t\t<div class=\"clear\"><\/div>\r\n\t\t<\/div>\r\n\t<\/div>\r\n","protected":false},"excerpt":{"rendered":"","protected":false},"author":5,"featured_media":8615,"parent":6728,"menu_order":0,"comment_status":"closed","ping_status":"closed","template":"custom-template.php","meta":{"_acf_changed":false,"footnotes":""},"class_list":["post-8651","page","type-page","status-publish","has-post-thumbnail","hentry"],"acf":[],"yoast_head":"<!-- This site is optimized with the Yoast SEO plugin v26.8 - https:\/\/yoast.com\/product\/yoast-seo-wordpress\/ -->\n<title>\u0413\u0438\u0434\u0440\u043e\u0438\u0437\u043e\u043b\u044f\u0446\u0438\u043e\u043d\u043d\u044b\u0435 \u043c\u0435\u043c\u0431\u0440\u0430\u043d\u044b Fatrafol \u0432 \u041c\u043e\u043b\u0434\u043e\u0432\u0435 \u0433. \u041a\u0438\u0448\u0438\u043d\u0451\u0432<\/title>\n<meta name=\"description\" content=\"\u0413\u0438\u0434\u0440\u043e\u0438\u0437\u043e\u043b\u044f\u0446\u0438\u043e\u043d\u043d\u044b\u0435 \u043c\u0435\u043c\u0431\u0440\u0430\u043d\u044b Fatrafol \u0434\u043b\u044f \u043a\u0440\u043e\u0432\u043b\u0438, \u0431\u0430\u043b\u043a\u043e\u043d\u043e\u0432, \u0442\u0435\u0440\u0440\u0430\u0441, \u0444\u0443\u043d\u0434\u0430\u043c\u0435\u043d\u0442\u0430. \u041f\u0440\u0435\u0434\u043e\u0441\u0442\u0430\u0432\u043b\u044f\u0435\u043c \u0443\u0441\u043b\u0443\u0433\u0438 \u043f\u043e \u0433\u0438\u0434\u0440\u043e\u0438\u0437\u043e\u043b\u044f\u0446\u0438\u0438 \u043f\u043e \u0432\u044b\u0433\u043e\u0434\u043d\u043e\u0439 \u0446\u0435\u043d\u0435.\" \/>\n<meta name=\"robots\" content=\"index, follow, max-snippet:-1, max-image-preview:large, max-video-preview:-1\" \/>\n<link rel=\"canonical\" href=\"https:\/\/montaco.md\/ru\/partnery\/fatrafol\/\" \/>\n<meta property=\"og:locale\" content=\"ru_RU\" \/>\n<meta property=\"og:type\" content=\"article\" \/>\n<meta property=\"og:title\" content=\"\u0413\u0438\u0434\u0440\u043e\u0438\u0437\u043e\u043b\u044f\u0446\u0438\u043e\u043d\u043d\u044b\u0435 \u043c\u0435\u043c\u0431\u0440\u0430\u043d\u044b Fatrafol \u0432 \u041c\u043e\u043b\u0434\u043e\u0432\u0435 \u0433. \u041a\u0438\u0448\u0438\u043d\u0451\u0432\" \/>\n<meta property=\"og:description\" content=\"\u0413\u0438\u0434\u0440\u043e\u0438\u0437\u043e\u043b\u044f\u0446\u0438\u043e\u043d\u043d\u044b\u0435 \u043c\u0435\u043c\u0431\u0440\u0430\u043d\u044b Fatrafol \u0434\u043b\u044f \u043a\u0440\u043e\u0432\u043b\u0438, \u0431\u0430\u043b\u043a\u043e\u043d\u043e\u0432, \u0442\u0435\u0440\u0440\u0430\u0441, \u0444\u0443\u043d\u0434\u0430\u043c\u0435\u043d\u0442\u0430. \u041f\u0440\u0435\u0434\u043e\u0441\u0442\u0430\u0432\u043b\u044f\u0435\u043c \u0443\u0441\u043b\u0443\u0433\u0438 \u043f\u043e \u0433\u0438\u0434\u0440\u043e\u0438\u0437\u043e\u043b\u044f\u0446\u0438\u0438 \u043f\u043e \u0432\u044b\u0433\u043e\u0434\u043d\u043e\u0439 \u0446\u0435\u043d\u0435.\" \/>\n<meta property=\"og:url\" content=\"https:\/\/montaco.md\/ru\/partnery\/fatrafol\/\" \/>\n<meta property=\"og:site_name\" content=\"MONTACO\" \/>\n<meta property=\"article:publisher\" content=\"https:\/\/www.facebook.com\/acoperisuri.md\" \/>\n<meta property=\"article:modified_time\" content=\"2023-03-31T11:15:45+00:00\" \/>\n<meta property=\"og:image\" content=\"https:\/\/montaco.md\/wp-content\/uploads\/2023\/03\/Logo-Fatrafol.jpg\" \/>\n\t<meta property=\"og:image:width\" content=\"280\" \/>\n\t<meta property=\"og:image:height\" content=\"140\" \/>\n\t<meta property=\"og:image:type\" content=\"image\/jpeg\" \/>\n<meta name=\"twitter:card\" content=\"summary_large_image\" \/>\n<script type=\"application\/ld+json\" class=\"yoast-schema-graph\">{\"@context\":\"https:\/\/schema.org\",\"@graph\":[{\"@type\":\"WebPage\",\"@id\":\"https:\/\/montaco.md\/ru\/partnery\/fatrafol\/\",\"url\":\"https:\/\/montaco.md\/ru\/partnery\/fatrafol\/\",\"name\":\"\u0413\u0438\u0434\u0440\u043e\u0438\u0437\u043e\u043b\u044f\u0446\u0438\u043e\u043d\u043d\u044b\u0435 \u043c\u0435\u043c\u0431\u0440\u0430\u043d\u044b Fatrafol \u0432 \u041c\u043e\u043b\u0434\u043e\u0432\u0435 \u0433. \u041a\u0438\u0448\u0438\u043d\u0451\u0432\",\"isPartOf\":{\"@id\":\"https:\/\/montaco.md\/ru\/#website\"},\"primaryImageOfPage\":{\"@id\":\"https:\/\/montaco.md\/ru\/partnery\/fatrafol\/#primaryimage\"},\"image\":{\"@id\":\"https:\/\/montaco.md\/ru\/partnery\/fatrafol\/#primaryimage\"},\"thumbnailUrl\":\"https:\/\/montaco.md\/wp-content\/uploads\/2023\/03\/Logo-Fatrafol.jpg\",\"datePublished\":\"2023-01-22T12:51:21+00:00\",\"dateModified\":\"2023-03-31T11:15:45+00:00\",\"description\":\"\u0413\u0438\u0434\u0440\u043e\u0438\u0437\u043e\u043b\u044f\u0446\u0438\u043e\u043d\u043d\u044b\u0435 \u043c\u0435\u043c\u0431\u0440\u0430\u043d\u044b Fatrafol \u0434\u043b\u044f \u043a\u0440\u043e\u0432\u043b\u0438, \u0431\u0430\u043b\u043a\u043e\u043d\u043e\u0432, \u0442\u0435\u0440\u0440\u0430\u0441, \u0444\u0443\u043d\u0434\u0430\u043c\u0435\u043d\u0442\u0430. \u041f\u0440\u0435\u0434\u043e\u0441\u0442\u0430\u0432\u043b\u044f\u0435\u043c \u0443\u0441\u043b\u0443\u0433\u0438 \u043f\u043e \u0433\u0438\u0434\u0440\u043e\u0438\u0437\u043e\u043b\u044f\u0446\u0438\u0438 \u043f\u043e \u0432\u044b\u0433\u043e\u0434\u043d\u043e\u0439 \u0446\u0435\u043d\u0435.\",\"breadcrumb\":{\"@id\":\"https:\/\/montaco.md\/ru\/partnery\/fatrafol\/#breadcrumb\"},\"inLanguage\":\"ru-RU\",\"potentialAction\":[{\"@type\":\"ReadAction\",\"target\":[\"https:\/\/montaco.md\/ru\/partnery\/fatrafol\/\"]}]},{\"@type\":\"ImageObject\",\"inLanguage\":\"ru-RU\",\"@id\":\"https:\/\/montaco.md\/ru\/partnery\/fatrafol\/#primaryimage\",\"url\":\"https:\/\/montaco.md\/wp-content\/uploads\/2023\/03\/Logo-Fatrafol.jpg\",\"contentUrl\":\"https:\/\/montaco.md\/wp-content\/uploads\/2023\/03\/Logo-Fatrafol.jpg\",\"width\":280,\"height\":140,\"caption\":\"Fatrafol\"},{\"@type\":\"BreadcrumbList\",\"@id\":\"https:\/\/montaco.md\/ru\/partnery\/fatrafol\/#breadcrumb\",\"itemListElement\":[{\"@type\":\"ListItem\",\"position\":1,\"name\":\"Home\",\"item\":\"https:\/\/montaco.md\/ru\/\"},{\"@type\":\"ListItem\",\"position\":2,\"name\":\"\u041f\u0430\u0440\u0442\u043d\u0435\u0440\u044b\",\"item\":\"https:\/\/montaco.md\/ru\/partnery\/\"},{\"@type\":\"ListItem\",\"position\":3,\"name\":\"Fatrafol\"}]},{\"@type\":\"WebSite\",\"@id\":\"https:\/\/montaco.md\/ru\/#website\",\"url\":\"https:\/\/montaco.md\/ru\/\",\"name\":\"MONTACO\",\"description\":\"Renov\u0103ri case la cheie \u00een toat\u0103 Moldova\",\"publisher\":{\"@id\":\"https:\/\/montaco.md\/ru\/#organization\"},\"potentialAction\":[{\"@type\":\"SearchAction\",\"target\":{\"@type\":\"EntryPoint\",\"urlTemplate\":\"https:\/\/montaco.md\/ru\/?s={search_term_string}\"},\"query-input\":{\"@type\":\"PropertyValueSpecification\",\"valueRequired\":true,\"valueName\":\"search_term_string\"}}],\"inLanguage\":\"ru-RU\"},{\"@type\":\"Organization\",\"@id\":\"https:\/\/montaco.md\/ru\/#organization\",\"name\":\"MONTACO\",\"url\":\"https:\/\/montaco.md\/ru\/\",\"logo\":{\"@type\":\"ImageObject\",\"inLanguage\":\"ru-RU\",\"@id\":\"https:\/\/montaco.md\/ru\/#\/schema\/logo\/image\/\",\"url\":\"https:\/\/montaco.md\/wp-content\/uploads\/2023\/03\/square-logo-for-site.png\",\"contentUrl\":\"https:\/\/montaco.md\/wp-content\/uploads\/2023\/03\/square-logo-for-site.png\",\"width\":696,\"height\":696,\"caption\":\"MONTACO\"},\"image\":{\"@id\":\"https:\/\/montaco.md\/ru\/#\/schema\/logo\/image\/\"},\"sameAs\":[\"https:\/\/www.facebook.com\/acoperisuri.md\",\"https:\/\/t.me\/montacomd\",\"https:\/\/www.instagram.com\/montaco.md\/\",\"https:\/\/www.youtube.com\/@montaco4071\",\"https:\/\/www.tiktok.com\/@montaco.md\"]}]}<\/script>\n<!-- \/ Yoast SEO plugin. -->","yoast_head_json":{"title":"\u0413\u0438\u0434\u0440\u043e\u0438\u0437\u043e\u043b\u044f\u0446\u0438\u043e\u043d\u043d\u044b\u0435 \u043c\u0435\u043c\u0431\u0440\u0430\u043d\u044b Fatrafol \u0432 \u041c\u043e\u043b\u0434\u043e\u0432\u0435 \u0433. \u041a\u0438\u0448\u0438\u043d\u0451\u0432","description":"\u0413\u0438\u0434\u0440\u043e\u0438\u0437\u043e\u043b\u044f\u0446\u0438\u043e\u043d\u043d\u044b\u0435 \u043c\u0435\u043c\u0431\u0440\u0430\u043d\u044b Fatrafol \u0434\u043b\u044f \u043a\u0440\u043e\u0432\u043b\u0438, \u0431\u0430\u043b\u043a\u043e\u043d\u043e\u0432, \u0442\u0435\u0440\u0440\u0430\u0441, \u0444\u0443\u043d\u0434\u0430\u043c\u0435\u043d\u0442\u0430. \u041f\u0440\u0435\u0434\u043e\u0441\u0442\u0430\u0432\u043b\u044f\u0435\u043c \u0443\u0441\u043b\u0443\u0433\u0438 \u043f\u043e \u0433\u0438\u0434\u0440\u043e\u0438\u0437\u043e\u043b\u044f\u0446\u0438\u0438 \u043f\u043e \u0432\u044b\u0433\u043e\u0434\u043d\u043e\u0439 \u0446\u0435\u043d\u0435.","robots":{"index":"index","follow":"follow","max-snippet":"max-snippet:-1","max-image-preview":"max-image-preview:large","max-video-preview":"max-video-preview:-1"},"canonical":"https:\/\/montaco.md\/ru\/partnery\/fatrafol\/","og_locale":"ru_RU","og_type":"article","og_title":"\u0413\u0438\u0434\u0440\u043e\u0438\u0437\u043e\u043b\u044f\u0446\u0438\u043e\u043d\u043d\u044b\u0435 \u043c\u0435\u043c\u0431\u0440\u0430\u043d\u044b Fatrafol \u0432 \u041c\u043e\u043b\u0434\u043e\u0432\u0435 \u0433. \u041a\u0438\u0448\u0438\u043d\u0451\u0432","og_description":"\u0413\u0438\u0434\u0440\u043e\u0438\u0437\u043e\u043b\u044f\u0446\u0438\u043e\u043d\u043d\u044b\u0435 \u043c\u0435\u043c\u0431\u0440\u0430\u043d\u044b Fatrafol \u0434\u043b\u044f \u043a\u0440\u043e\u0432\u043b\u0438, \u0431\u0430\u043b\u043a\u043e\u043d\u043e\u0432, \u0442\u0435\u0440\u0440\u0430\u0441, \u0444\u0443\u043d\u0434\u0430\u043c\u0435\u043d\u0442\u0430. \u041f\u0440\u0435\u0434\u043e\u0441\u0442\u0430\u0432\u043b\u044f\u0435\u043c \u0443\u0441\u043b\u0443\u0433\u0438 \u043f\u043e \u0433\u0438\u0434\u0440\u043e\u0438\u0437\u043e\u043b\u044f\u0446\u0438\u0438 \u043f\u043e \u0432\u044b\u0433\u043e\u0434\u043d\u043e\u0439 \u0446\u0435\u043d\u0435.","og_url":"https:\/\/montaco.md\/ru\/partnery\/fatrafol\/","og_site_name":"MONTACO","article_publisher":"https:\/\/www.facebook.com\/acoperisuri.md","article_modified_time":"2023-03-31T11:15:45+00:00","og_image":[{"width":280,"height":140,"url":"https:\/\/montaco.md\/wp-content\/uploads\/2023\/03\/Logo-Fatrafol.jpg","type":"image\/jpeg"}],"twitter_card":"summary_large_image","schema":{"@context":"https:\/\/schema.org","@graph":[{"@type":"WebPage","@id":"https:\/\/montaco.md\/ru\/partnery\/fatrafol\/","url":"https:\/\/montaco.md\/ru\/partnery\/fatrafol\/","name":"\u0413\u0438\u0434\u0440\u043e\u0438\u0437\u043e\u043b\u044f\u0446\u0438\u043e\u043d\u043d\u044b\u0435 \u043c\u0435\u043c\u0431\u0440\u0430\u043d\u044b Fatrafol \u0432 \u041c\u043e\u043b\u0434\u043e\u0432\u0435 \u0433. \u041a\u0438\u0448\u0438\u043d\u0451\u0432","isPartOf":{"@id":"https:\/\/montaco.md\/ru\/#website"},"primaryImageOfPage":{"@id":"https:\/\/montaco.md\/ru\/partnery\/fatrafol\/#primaryimage"},"image":{"@id":"https:\/\/montaco.md\/ru\/partnery\/fatrafol\/#primaryimage"},"thumbnailUrl":"https:\/\/montaco.md\/wp-content\/uploads\/2023\/03\/Logo-Fatrafol.jpg","datePublished":"2023-01-22T12:51:21+00:00","dateModified":"2023-03-31T11:15:45+00:00","description":"\u0413\u0438\u0434\u0440\u043e\u0438\u0437\u043e\u043b\u044f\u0446\u0438\u043e\u043d\u043d\u044b\u0435 \u043c\u0435\u043c\u0431\u0440\u0430\u043d\u044b Fatrafol \u0434\u043b\u044f \u043a\u0440\u043e\u0432\u043b\u0438, \u0431\u0430\u043b\u043a\u043e\u043d\u043e\u0432, \u0442\u0435\u0440\u0440\u0430\u0441, \u0444\u0443\u043d\u0434\u0430\u043c\u0435\u043d\u0442\u0430. \u041f\u0440\u0435\u0434\u043e\u0441\u0442\u0430\u0432\u043b\u044f\u0435\u043c \u0443\u0441\u043b\u0443\u0433\u0438 \u043f\u043e \u0433\u0438\u0434\u0440\u043e\u0438\u0437\u043e\u043b\u044f\u0446\u0438\u0438 \u043f\u043e \u0432\u044b\u0433\u043e\u0434\u043d\u043e\u0439 \u0446\u0435\u043d\u0435.","breadcrumb":{"@id":"https:\/\/montaco.md\/ru\/partnery\/fatrafol\/#breadcrumb"},"inLanguage":"ru-RU","potentialAction":[{"@type":"ReadAction","target":["https:\/\/montaco.md\/ru\/partnery\/fatrafol\/"]}]},{"@type":"ImageObject","inLanguage":"ru-RU","@id":"https:\/\/montaco.md\/ru\/partnery\/fatrafol\/#primaryimage","url":"https:\/\/montaco.md\/wp-content\/uploads\/2023\/03\/Logo-Fatrafol.jpg","contentUrl":"https:\/\/montaco.md\/wp-content\/uploads\/2023\/03\/Logo-Fatrafol.jpg","width":280,"height":140,"caption":"Fatrafol"},{"@type":"BreadcrumbList","@id":"https:\/\/montaco.md\/ru\/partnery\/fatrafol\/#breadcrumb","itemListElement":[{"@type":"ListItem","position":1,"name":"Home","item":"https:\/\/montaco.md\/ru\/"},{"@type":"ListItem","position":2,"name":"\u041f\u0430\u0440\u0442\u043d\u0435\u0440\u044b","item":"https:\/\/montaco.md\/ru\/partnery\/"},{"@type":"ListItem","position":3,"name":"Fatrafol"}]},{"@type":"WebSite","@id":"https:\/\/montaco.md\/ru\/#website","url":"https:\/\/montaco.md\/ru\/","name":"MONTACO","description":"Renov\u0103ri case la cheie \u00een toat\u0103 Moldova","publisher":{"@id":"https:\/\/montaco.md\/ru\/#organization"},"potentialAction":[{"@type":"SearchAction","target":{"@type":"EntryPoint","urlTemplate":"https:\/\/montaco.md\/ru\/?s={search_term_string}"},"query-input":{"@type":"PropertyValueSpecification","valueRequired":true,"valueName":"search_term_string"}}],"inLanguage":"ru-RU"},{"@type":"Organization","@id":"https:\/\/montaco.md\/ru\/#organization","name":"MONTACO","url":"https:\/\/montaco.md\/ru\/","logo":{"@type":"ImageObject","inLanguage":"ru-RU","@id":"https:\/\/montaco.md\/ru\/#\/schema\/logo\/image\/","url":"https:\/\/montaco.md\/wp-content\/uploads\/2023\/03\/square-logo-for-site.png","contentUrl":"https:\/\/montaco.md\/wp-content\/uploads\/2023\/03\/square-logo-for-site.png","width":696,"height":696,"caption":"MONTACO"},"image":{"@id":"https:\/\/montaco.md\/ru\/#\/schema\/logo\/image\/"},"sameAs":["https:\/\/www.facebook.com\/acoperisuri.md","https:\/\/t.me\/montacomd","https:\/\/www.instagram.com\/montaco.md\/","https:\/\/www.youtube.com\/@montaco4071","https:\/\/www.tiktok.com\/@montaco.md"]}]}},"_links":{"self":[{"href":"https:\/\/montaco.md\/ru\/wp-json\/wp\/v2\/pages\/8651","targetHints":{"allow":["GET"]}}],"collection":[{"href":"https:\/\/montaco.md\/ru\/wp-json\/wp\/v2\/pages"}],"about":[{"href":"https:\/\/montaco.md\/ru\/wp-json\/wp\/v2\/types\/page"}],"author":[{"embeddable":true,"href":"https:\/\/montaco.md\/ru\/wp-json\/wp\/v2\/users\/5"}],"replies":[{"embeddable":true,"href":"https:\/\/montaco.md\/ru\/wp-json\/wp\/v2\/comments?post=8651"}],"version-history":[{"count":0,"href":"https:\/\/montaco.md\/ru\/wp-json\/wp\/v2\/pages\/8651\/revisions"}],"up":[{"embeddable":true,"href":"https:\/\/montaco.md\/ru\/wp-json\/wp\/v2\/pages\/6728"}],"wp:featuredmedia":[{"embeddable":true,"href":"https:\/\/montaco.md\/ru\/wp-json\/wp\/v2\/media\/8615"}],"wp:attachment":[{"href":"https:\/\/montaco.md\/ru\/wp-json\/wp\/v2\/media?parent=8651"}],"curies":[{"name":"wp","href":"https:\/\/api.w.org\/{rel}","templated":true}]}}