{"id":7957,"date":"2023-01-20T17:13:28","date_gmt":"2023-01-20T15:13:28","guid":{"rendered":"https:\/\/m.pixelsavenue.top\/?page_id=7957"},"modified":"2023-03-30T10:42:05","modified_gmt":"2023-03-30T07:42:05","slug":"membrany-pvh-tpo","status":"publish","type":"page","link":"https:\/\/montaco.md\/ru\/gidroizoljacija\/membrany-pvh-tpo\/","title":{"rendered":"\u041c\u0435\u043c\u0431\u0440\u0430\u043d\u044b \u041f\u0412\u0425 \/ \u0422\u041f\u041e"},"content":{"rendered":"<section class=\"top-banner\">\r\n\t<div class=\"image-layer\" style=\"background: url(https:\/\/montaco.md\/wp-content\/uploads\/2023\/03\/PVC.jpg) no-repeat center; background-size: cover;\"><\/div>\r\n\t<div class=\"text-layer\">\r\n\t\t<div class=\"decor-element\">\r\n\t\t\t<span style=\"background: url(https:\/\/montaco.md\/wp-content\/themes\/montaco\/images\/polygon-6.svg) no-repeat center; background-size:cover;\"><\/span>\r\n\t\t<\/div>\r\n\t\t<div class=\"container\">\r\n\t\t\t<h1>\u041c\u0435\u043c\u0431\u0440\u0430\u043d\u044b \u041f\u0412\u0425 \/ \u0422\u041f\u041e<\/h1>\r\n\t\t<\/div>\r\n\t<\/div>\r\n<\/section>\n\n<section class=\"brand-info-section pb-0\">\r\n\t<div class=\"container\">\r\n\t\t<h2 class=\"section-title color-secondary\"><span>\u041c\u0435\u043c\u0431\u0440\u0430\u043d\u044b \u041f\u0412\u0425 \/ \u0422\u041f\u041e<\/span><\/h2>\r\n\t\t<div class=\"about-us-content\">\r\n\t\t\t<div class=\"row\">\r\n\t\t\t\t\t\t\t\t<div class=\"col-md-12\"><p><strong>\u041f\u043e\u043b\u0438\u043c\u0435\u0440\u043d\u044b\u0435 \u041f\u0412\u0425-\u043c\u0435\u043c\u0431\u0440\u0430\u043d\u044b<\/strong> \u2013 \u044d\u0442\u043e \u043d\u043e\u0432\u0435\u0439\u0448\u0438\u0435 \u0433\u0438\u0434\u0440\u043e\u0438\u0437\u043e\u043b\u044f\u0446\u0438\u043e\u043d\u043d\u044b\u0435 \u043c\u0430\u0442\u0435\u0440\u0438\u0430\u043b\u044b. \u0413\u043b\u0430\u0432\u043d\u043e\u0435 \u043f\u0440\u0435\u0434\u043d\u0430\u0437\u043d\u0430\u0447\u0435\u043d\u0438\u0435 \u2013 \u0433\u0438\u0434\u0440\u043e\u0438\u0437\u043e\u043b\u044f\u0446\u0438\u044f \u0442\u0435\u0440\u0440\u0430\u0441, \u043a\u0440\u044b\u0448, \u0444\u0443\u043d\u0434\u0430\u043c\u0435\u043d\u0442\u043e\u0432 \u0438 \u0431\u0430\u0441\u0441\u0435\u0439\u043d\u043e\u0432.<\/p>\n<p>\u041f\u043e\u043b\u0438\u043c\u0435\u0440\u043d\u044b\u0435 \u043c\u0435\u043c\u0431\u0440\u0430\u043d\u044b \u0438\u0437 \u041f\u0412\u0425 \u0438 \u0422\u041f\u041e \u043e\u0447\u0435\u043d\u044c \u043f\u043e\u043f\u0443\u043b\u044f\u0440\u043d\u044b \u0432 \u043c\u0438\u0440\u0435. \u0412 \u0415\u0432\u0440\u043e\u043f\u0435 \u0431\u043e\u043b\u0435\u0435 25% \u043a\u0440\u044b\u0448 \u0437\u0430\u0449\u0438\u0449\u0435\u043d\u044b \u0433\u0438\u0434\u0440\u043e\u0438\u0437\u043e\u043b\u044f\u0446\u0438\u043e\u043d\u043d\u044b\u043c\u0438 \u043c\u0430\u0442\u0435\u0440\u0438\u0430\u043b\u0430\u043c\u0438 (AMI Consulting).<\/p>\n<\/div>\r\n\t\t\t\t\t\t\t<\/div>\r\n\t\t<\/div>\t\r\n\t<\/div>\r\n<\/section>\n\n<div class=\"product-variations-block\">\r\n\t\t<div class=\"container\">\r\n\t\t\t<div class=\"main-slider-column\">\r\n\t\t\t\t<div class=\"product-variations-main-slider owl-carousel\">\r\n\t\t\t\t\t\t\t\t\t\t\t\t\t\t\t<div class=\"variation-slide\" data-hash=\"sl-0\" data-thumb-1=\"https:\/\/montaco.md\/wp-content\/uploads\/2023\/03\/LOGICBASE-V-PT-black.png\" data-thumb-2=\"https:\/\/montaco.md\/wp-content\/uploads\/2023\/03\/LOGICBASE-V-PT-green.png\" data-thumb-3=\"https:\/\/montaco.md\/wp-content\/uploads\/2023\/03\/PVC-membrane.jpg\" data-thumb-4=\"https:\/\/montaco.md\/wp-content\/uploads\/2023\/03\/PVC-maro.jpg\">\r\n\t\t\t\t\t\t<h4>\u0413\u0438\u0434\u0440\u043e\u0438\u0437\u043e\u043b\u044f\u0446\u0438\u043e\u043d\u043d\u044b\u0435 \u043c\u0435\u043c\u0431\u0440\u0430\u043d\u044b \u041f\u0412\u0425 LOGICROOF V-RP ARCTIC<\/h4>\r\n\t\t\t\t\t\t<img decoding=\"async\" class=\"variation-slide-thumbnail\" src=\"https:\/\/montaco.md\/wp-content\/uploads\/2023\/03\/LOGICROOF-V-RP-ARCTIC.png\" alt=\"Membrane PVC Technonicol LOGICROOF V-RP ARCTIC\">\r\n\t\t\t\t\t<\/div>\t\r\n\t\t\t\t\t\t\t\t\t\t\t\t\t\t\t<div class=\"variation-slide\" data-hash=\"sl-1\" data-thumb-1=\"https:\/\/montaco.md\/wp-content\/uploads\/2023\/03\/LOGICBASE-V-PT-green.png\" data-thumb-2=\"https:\/\/montaco.md\/wp-content\/uploads\/2023\/03\/PVC-membrane.jpg\" data-thumb-3=\"https:\/\/montaco.md\/wp-content\/uploads\/2023\/03\/PVC-maro.jpg\" data-thumb-4=\"https:\/\/montaco.md\/wp-content\/uploads\/2023\/03\/PVC-alb.jpg\">\r\n\t\t\t\t\t\t<h4>\u0413\u0438\u0434\u0440\u043e\u0438\u0437\u043e\u043b\u044f\u0446\u0438\u043e\u043d\u043d\u044b\u0435 \u043c\u0435\u043c\u0431\u0440\u0430\u043d\u044b \u041f\u0412\u0425 LOGICBASE V-PT black<\/h4>\r\n\t\t\t\t\t\t<img decoding=\"async\" class=\"variation-slide-thumbnail\" src=\"https:\/\/montaco.md\/wp-content\/uploads\/2023\/03\/LOGICBASE-V-PT-black.png\" alt=\"Membrane PVC Technonicol LOGICBASE V-PT black\">\r\n\t\t\t\t\t<\/div>\t\r\n\t\t\t\t\t\t\t\t\t\t\t\t\t\t\t<div class=\"variation-slide\" data-hash=\"sl-2\" data-thumb-1=\"https:\/\/montaco.md\/wp-content\/uploads\/2023\/03\/PVC-membrane.jpg\" data-thumb-2=\"https:\/\/montaco.md\/wp-content\/uploads\/2023\/03\/PVC-maro.jpg\" data-thumb-3=\"https:\/\/montaco.md\/wp-content\/uploads\/2023\/03\/PVC-alb.jpg\" data-thumb-4=\"https:\/\/montaco.md\/wp-content\/uploads\/2023\/03\/PVC-cu-balast.jpg\">\r\n\t\t\t\t\t\t<h4>\u0413\u0438\u0434\u0440\u043e\u0438\u0437\u043e\u043b\u044f\u0446\u0438\u043e\u043d\u043d\u044b\u0435 \u043c\u0435\u043c\u0431\u0440\u0430\u043d\u044b \u041f\u0412\u0425 LOGICBASE V-PT green<\/h4>\r\n\t\t\t\t\t\t<img decoding=\"async\" class=\"variation-slide-thumbnail\" src=\"https:\/\/montaco.md\/wp-content\/uploads\/2023\/03\/LOGICBASE-V-PT-green.png\" alt=\"Membrane PVC Technonicol LOGICBASE V-PT green\">\r\n\t\t\t\t\t<\/div>\t\r\n\t\t\t\t\t\t\t\t\t\t\t\t\t\t\t<div class=\"variation-slide\" data-hash=\"sl-3\" data-thumb-1=\"https:\/\/montaco.md\/wp-content\/uploads\/2023\/03\/PVC-maro.jpg\" data-thumb-2=\"https:\/\/montaco.md\/wp-content\/uploads\/2023\/03\/PVC-alb.jpg\" data-thumb-3=\"https:\/\/montaco.md\/wp-content\/uploads\/2023\/03\/PVC-cu-balast.jpg\" data-thumb-4=\"\">\r\n\t\t\t\t\t\t<h4>\u0413\u0438\u0434\u0440\u043e\u0438\u0437\u043e\u043b\u044f\u0446\u0438\u044f \u043c\u0435\u043c\u0431\u0440\u0430\u043d\u0430\u043c\u0438 \u0438\u0437 \u041f\u0412\u0425 \u0438 \u0442\u0435\u043f\u043b\u043e\u0438\u0437\u043e\u043b\u044f\u0446\u0438\u044f \u0438\u0437 \u043c\u0438\u043d\u0435\u0440\u0430\u043b\u044c\u043d\u043e\u0439 \u0431\u0430\u0437\u0430\u043b\u044c\u0442\u043e\u0432\u043e\u0439 \u0432\u0430\u0442\u044b<\/h4>\r\n\t\t\t\t\t\t<img decoding=\"async\" class=\"variation-slide-thumbnail\" src=\"https:\/\/montaco.md\/wp-content\/uploads\/2023\/03\/PVC-membrane.jpg\" alt=\"Hidroizola\u021bie cu membrane PVC si termoizola\u021bie din vata mineral\u0103 bazaltic\u0103\">\r\n\t\t\t\t\t<\/div>\t\r\n\t\t\t\t\t\t\t\t\t\t\t\t\t\t\t<div class=\"variation-slide\" data-hash=\"sl-4\" data-thumb-1=\"https:\/\/montaco.md\/wp-content\/uploads\/2023\/03\/PVC-alb.jpg\" data-thumb-2=\"https:\/\/montaco.md\/wp-content\/uploads\/2023\/03\/PVC-cu-balast.jpg\" data-thumb-3=\"\" data-thumb-4=\"\">\r\n\t\t\t\t\t\t<h4>\u0413\u0438\u0434\u0440\u043e\u0438\u0437\u043e\u043b\u044f\u0446\u0438\u044f \u043f\u0430\u0440\u043a\u043e\u0432\u043a\u0438 \u0432 \u043a\u043e\u043c\u043f\u043b\u0435\u043a\u0441\u0435 Sky Tower \u043d\u0430 \u0443\u043b\u0438\u0446\u0435 \u0412. \u041f\u044b\u0440\u043a\u044d\u043b\u0430\u0431 \u0432 \u041a\u0438\u0448\u0438\u043d\u0435\u0432\u0435<\/h4>\r\n\t\t\t\t\t\t<img decoding=\"async\" class=\"variation-slide-thumbnail\" src=\"https:\/\/montaco.md\/wp-content\/uploads\/2023\/03\/PVC-maro.jpg\" alt=\"Hidroizola\u021bie parking la complexul Sky Tower pe str. V. P\u00eerc\u0103lab din Chi\u0219in\u0103u\">\r\n\t\t\t\t\t<\/div>\t\r\n\t\t\t\t\t\t\t\t\t\t\t\t\t\t\t<div class=\"variation-slide\" data-hash=\"sl-5\" data-thumb-1=\"https:\/\/montaco.md\/wp-content\/uploads\/2023\/03\/PVC-cu-balast.jpg\" data-thumb-2=\"\" data-thumb-3=\"\" data-thumb-4=\"\">\r\n\t\t\t\t\t\t<h4>\u0413\u0438\u0434\u0440\u043e\u0438\u0437\u043e\u043b\u044f\u0446\u0438\u044f \u043a\u0440\u044b\u0448\u0438 \u0441 \u043f\u0430\u0440\u0430\u043f\u0435\u0442\u0430\u043c\u0438 \u0438\u0437 \u0431\u0435\u043b\u043e\u0439 \u041f\u0412\u0425-\u043c\u0435\u043c\u0431\u0440\u0430\u043d\u044b<\/h4>\r\n\t\t\t\t\t\t<img decoding=\"async\" class=\"variation-slide-thumbnail\" src=\"https:\/\/montaco.md\/wp-content\/uploads\/2023\/03\/PVC-alb.jpg\" alt=\"Hidroizola\u021bie acoperi\u0219 cu parapeturi cu Membrana PVC de culoare alb\u0103\">\r\n\t\t\t\t\t<\/div>\t\r\n\t\t\t\t\t\t\t\t\t\t\t\t\t\t\t<div class=\"variation-slide\" data-hash=\"sl-6\" data-thumb-1=\"\" data-thumb-2=\"\" data-thumb-3=\"\" data-thumb-4=\"\">\r\n\t\t\t\t\t\t<h4>\u0413\u0438\u0434\u0440\u043e\u0438\u0437\u043e\u043b\u044f\u0446\u0438\u044f \u0442\u0435\u0440\u0440\u0430\u0441\u044b \u041f\u0412\u0425-\u043c\u0435\u043c\u0431\u0440\u0430\u043d\u0430\u043c\u0438, \u0437\u0430\u0449\u0438\u0449\u0435\u043d\u043d\u0430\u044f \u0431\u0430\u043b\u043b\u0430\u0441\u0442\u043e\u043c<\/h4>\r\n\t\t\t\t\t\t<img decoding=\"async\" class=\"variation-slide-thumbnail\" src=\"https:\/\/montaco.md\/wp-content\/uploads\/2023\/03\/PVC-cu-balast.jpg\" alt=\"\u0413\u0438\u0434\u0440\u043e\u0438\u0437\u043e\u043b\u044f\u0446\u0438\u044f \u0442\u0435\u0440\u0440\u0430\u0441\u044b \u041f\u0412\u0425-\u043c\u0435\u043c\u0431\u0440\u0430\u043d\u0430\u043c\u0438, \u0437\u0430\u0449\u0438\u0449\u0435\u043d\u043d\u0430\u044f \u0431\u0430\u043b\u043b\u0430\u0441\u0442\u043e\u043c\">\r\n\t\t\t\t\t<\/div>\t\r\n\t\t\t\t\t\t\t\t\t<\/div>\r\n\t\t\t\t<div class=\"product-variations-nav-slider owl-carousel\">\r\n\t\t\t\t\t\t\t\t\t\t<div>\r\n\t\t\t\t\t\t<a href=\"#sl-0\" class=\"variation-thumbnail\" style=\"background: url(https:\/\/montaco.md\/wp-content\/uploads\/2023\/03\/LOGICROOF-V-RP-ARCTIC.png) no-repeat center; background-size: cover;\"><\/a>\r\n\t\t\t\t\t<\/div>\r\n\t\t\t\t\t\t\t\t\t\t<div>\r\n\t\t\t\t\t\t<a href=\"#sl-1\" class=\"variation-thumbnail\" style=\"background: url(https:\/\/montaco.md\/wp-content\/uploads\/2023\/03\/LOGICBASE-V-PT-black.png) no-repeat center; background-size: cover;\"><\/a>\r\n\t\t\t\t\t<\/div>\r\n\t\t\t\t\t\t\t\t\t\t<div>\r\n\t\t\t\t\t\t<a href=\"#sl-2\" class=\"variation-thumbnail\" style=\"background: url(https:\/\/montaco.md\/wp-content\/uploads\/2023\/03\/LOGICBASE-V-PT-green.png) no-repeat center; background-size: cover;\"><\/a>\r\n\t\t\t\t\t<\/div>\r\n\t\t\t\t\t\t\t\t\t\t<div>\r\n\t\t\t\t\t\t<a href=\"#sl-3\" class=\"variation-thumbnail\" style=\"background: url(https:\/\/montaco.md\/wp-content\/uploads\/2023\/03\/PVC-membrane.jpg) no-repeat center; background-size: cover;\"><\/a>\r\n\t\t\t\t\t<\/div>\r\n\t\t\t\t\t\t\t\t\t\t<div>\r\n\t\t\t\t\t\t<a href=\"#sl-4\" class=\"variation-thumbnail\" style=\"background: url(https:\/\/montaco.md\/wp-content\/uploads\/2023\/03\/PVC-maro.jpg) no-repeat center; background-size: cover;\"><\/a>\r\n\t\t\t\t\t<\/div>\r\n\t\t\t\t\t\t\t\t\t\t<div>\r\n\t\t\t\t\t\t<a href=\"#sl-5\" class=\"variation-thumbnail\" style=\"background: url(https:\/\/montaco.md\/wp-content\/uploads\/2023\/03\/PVC-alb.jpg) no-repeat center; background-size: cover;\"><\/a>\r\n\t\t\t\t\t<\/div>\r\n\t\t\t\t\t\t\t\t\t\t<div>\r\n\t\t\t\t\t\t<a href=\"#sl-6\" class=\"variation-thumbnail\" style=\"background: url(https:\/\/montaco.md\/wp-content\/uploads\/2023\/03\/PVC-cu-balast.jpg) no-repeat center; background-size: cover;\"><\/a>\r\n\t\t\t\t\t<\/div>\r\n\t\t\t\t\t\t\t\t\t\r\n\t\t\t\t<\/div>\r\n\t\t\t<\/div>\r\n\t\t\t<div class=\"nav-slider-column\">\r\n\t\t\t\t<div class=\"nav-slider\">\r\n\t\t\t\t\t\t\t\t\t\t<div class=\"variation-nav-thumbnail thumbnail-1\" style=\"background: url(https:\/\/montaco.md\/wp-content\/uploads\/2023\/03\/LOGICBASE-V-PT-black.png) no-repeat center; background-size: cover;\">\r\n\t\t\t\t\t\t\t\t\t\t<\/div>\r\n\t\t\t\t\t\t\t\t\t\t<div class=\"variation-nav-thumbnail thumbnail-2\" style=\"background: url(https:\/\/montaco.md\/wp-content\/uploads\/2023\/03\/LOGICBASE-V-PT-green.png) no-repeat center; background-size: cover;\">\r\n\t\t\t\t\t\t\t\t\t\t<\/div>\r\n\t\t\t\t\t\t\t\t\t\t<div class=\"variation-nav-thumbnail thumbnail-3\" style=\"background: url(https:\/\/montaco.md\/wp-content\/uploads\/2023\/03\/PVC-membrane.jpg) no-repeat center; background-size: cover;\">\r\n\t\t\t\t\t\t\t\t\t\t<\/div>\r\n\t\t\t\t\t\t\t\t\t\t<div class=\"variation-nav-thumbnail thumbnail-4\" style=\"background: url(https:\/\/montaco.md\/wp-content\/uploads\/2023\/03\/PVC-maro.jpg) no-repeat center; background-size: cover;\">\r\n\t\t\t\t\t\t\t\t\t\t\t<div class=\"more-items-block\" id=\"more-items-block\"><div>+<span><\/span><\/div><\/div>\r\n\t\t\t\t\t\t\t\t\t\t<\/div>\r\n\t\t\t\t\t\t\t\t\t\t\t\t\t\t\t\t\t\t\t\t\t\t\t\t\r\n\t\t\t\t<\/div>\t\t\t\t\t\t\t\r\n\t\t\t<\/div>\r\n\t\t\t<div class=\"clear\"><\/div>\r\n\t\t<\/div>\r\n\t<\/div>\r\n","protected":false},"excerpt":{"rendered":"","protected":false},"author":5,"featured_media":0,"parent":7533,"menu_order":0,"comment_status":"closed","ping_status":"closed","template":"custom-template.php","meta":{"_acf_changed":false,"footnotes":""},"class_list":["post-7957","page","type-page","status-publish","hentry"],"acf":[],"yoast_head":"<!-- This site is optimized with the Yoast SEO plugin v26.8 - https:\/\/yoast.com\/product\/yoast-seo-wordpress\/ -->\n<title>\u041c\u0435\u043c\u0431\u0440\u0430\u043d\u044b \u041f\u0412\u0425 \u0438 \u0422\u041f\u041e \u0434\u043b\u044f \u0433\u0438\u0434\u0440\u043e\u0438\u0437\u043e\u043b\u044f\u0446\u0438\u0438 \u041a\u0438\u0448\u0438\u043d\u0451\u0432, \u041c\u043e\u043b\u0434\u043e\u0432\u0430<\/title>\n<meta name=\"description\" content=\"\u041f\u043e\u043b\u0438\u043c\u0435\u0440\u043d\u044b\u0435 \u043c\u0435\u043c\u0431\u0440\u0430\u043d\u044b \u041f\u0412\u0425 \u0438 \u0422\u041f\u041e - \u043d\u043e\u0432\u0435\u0439\u0448\u0438\u0435 \u0433\u0438\u0434\u0440\u043e\u0438\u0437\u043e\u043b\u044f\u0446\u0438\u043e\u043d\u043d\u044b\u0435 \u043c\u0430\u0442\u0435\u0440\u0438\u0430\u043b\u044b, \u043f\u0440\u0435\u0434\u043d\u0430\u0437\u043d\u0430\u0447\u0435\u043d\u044b \u0434\u043b\u044f \u0433\u0438\u0434\u0440\u043e\u0438\u0437\u043e\u043b\u044f\u0446\u0438\u0438 \u0442\u0435\u0440\u0440\u0430\u0441, \u043a\u0440\u044b\u0448, \u0444\u0443\u043d\u0434\u0430\u043c\u0435\u043d\u0442\u043e\u0432 \u0438 \u0431\u0430\u0441\u0441\u0435\u0439\u043d\u043e\u0432.\" \/>\n<meta name=\"robots\" content=\"index, follow, max-snippet:-1, max-image-preview:large, max-video-preview:-1\" \/>\n<link rel=\"canonical\" href=\"https:\/\/montaco.md\/ru\/gidroizoljacija\/membrany-pvh-tpo\/\" \/>\n<meta property=\"og:locale\" content=\"ru_RU\" \/>\n<meta property=\"og:type\" content=\"article\" \/>\n<meta property=\"og:title\" content=\"\u041c\u0435\u043c\u0431\u0440\u0430\u043d\u044b \u041f\u0412\u0425 \u0438 \u0422\u041f\u041e \u0434\u043b\u044f \u0433\u0438\u0434\u0440\u043e\u0438\u0437\u043e\u043b\u044f\u0446\u0438\u0438 \u041a\u0438\u0448\u0438\u043d\u0451\u0432, \u041c\u043e\u043b\u0434\u043e\u0432\u0430\" \/>\n<meta property=\"og:description\" content=\"\u041f\u043e\u043b\u0438\u043c\u0435\u0440\u043d\u044b\u0435 \u043c\u0435\u043c\u0431\u0440\u0430\u043d\u044b \u041f\u0412\u0425 \u0438 \u0422\u041f\u041e - \u043d\u043e\u0432\u0435\u0439\u0448\u0438\u0435 \u0433\u0438\u0434\u0440\u043e\u0438\u0437\u043e\u043b\u044f\u0446\u0438\u043e\u043d\u043d\u044b\u0435 \u043c\u0430\u0442\u0435\u0440\u0438\u0430\u043b\u044b, \u043f\u0440\u0435\u0434\u043d\u0430\u0437\u043d\u0430\u0447\u0435\u043d\u044b \u0434\u043b\u044f \u0433\u0438\u0434\u0440\u043e\u0438\u0437\u043e\u043b\u044f\u0446\u0438\u0438 \u0442\u0435\u0440\u0440\u0430\u0441, \u043a\u0440\u044b\u0448, \u0444\u0443\u043d\u0434\u0430\u043c\u0435\u043d\u0442\u043e\u0432 \u0438 \u0431\u0430\u0441\u0441\u0435\u0439\u043d\u043e\u0432.\" \/>\n<meta property=\"og:url\" content=\"https:\/\/montaco.md\/ru\/gidroizoljacija\/membrany-pvh-tpo\/\" \/>\n<meta property=\"og:site_name\" content=\"MONTACO\" \/>\n<meta property=\"article:publisher\" content=\"https:\/\/www.facebook.com\/acoperisuri.md\" \/>\n<meta property=\"article:modified_time\" content=\"2023-03-30T07:42:05+00:00\" \/>\n<meta property=\"og:image\" content=\"https:\/\/montaco.md\/wp-content\/uploads\/2023\/03\/montaco-backup-featured.jpg\" \/>\n\t<meta property=\"og:image:width\" content=\"1200\" \/>\n\t<meta property=\"og:image:height\" content=\"675\" \/>\n\t<meta property=\"og:image:type\" content=\"image\/jpeg\" \/>\n<meta name=\"twitter:card\" content=\"summary_large_image\" \/>\n<script type=\"application\/ld+json\" class=\"yoast-schema-graph\">{\"@context\":\"https:\/\/schema.org\",\"@graph\":[{\"@type\":\"WebPage\",\"@id\":\"https:\/\/montaco.md\/ru\/gidroizoljacija\/membrany-pvh-tpo\/\",\"url\":\"https:\/\/montaco.md\/ru\/gidroizoljacija\/membrany-pvh-tpo\/\",\"name\":\"\u041c\u0435\u043c\u0431\u0440\u0430\u043d\u044b \u041f\u0412\u0425 \u0438 \u0422\u041f\u041e \u0434\u043b\u044f \u0433\u0438\u0434\u0440\u043e\u0438\u0437\u043e\u043b\u044f\u0446\u0438\u0438 \u041a\u0438\u0448\u0438\u043d\u0451\u0432, \u041c\u043e\u043b\u0434\u043e\u0432\u0430\",\"isPartOf\":{\"@id\":\"https:\/\/montaco.md\/ru\/#website\"},\"datePublished\":\"2023-01-20T15:13:28+00:00\",\"dateModified\":\"2023-03-30T07:42:05+00:00\",\"description\":\"\u041f\u043e\u043b\u0438\u043c\u0435\u0440\u043d\u044b\u0435 \u043c\u0435\u043c\u0431\u0440\u0430\u043d\u044b \u041f\u0412\u0425 \u0438 \u0422\u041f\u041e - \u043d\u043e\u0432\u0435\u0439\u0448\u0438\u0435 \u0433\u0438\u0434\u0440\u043e\u0438\u0437\u043e\u043b\u044f\u0446\u0438\u043e\u043d\u043d\u044b\u0435 \u043c\u0430\u0442\u0435\u0440\u0438\u0430\u043b\u044b, \u043f\u0440\u0435\u0434\u043d\u0430\u0437\u043d\u0430\u0447\u0435\u043d\u044b \u0434\u043b\u044f \u0433\u0438\u0434\u0440\u043e\u0438\u0437\u043e\u043b\u044f\u0446\u0438\u0438 \u0442\u0435\u0440\u0440\u0430\u0441, \u043a\u0440\u044b\u0448, \u0444\u0443\u043d\u0434\u0430\u043c\u0435\u043d\u0442\u043e\u0432 \u0438 \u0431\u0430\u0441\u0441\u0435\u0439\u043d\u043e\u0432.\",\"breadcrumb\":{\"@id\":\"https:\/\/montaco.md\/ru\/gidroizoljacija\/membrany-pvh-tpo\/#breadcrumb\"},\"inLanguage\":\"ru-RU\",\"potentialAction\":[{\"@type\":\"ReadAction\",\"target\":[\"https:\/\/montaco.md\/ru\/gidroizoljacija\/membrany-pvh-tpo\/\"]}]},{\"@type\":\"BreadcrumbList\",\"@id\":\"https:\/\/montaco.md\/ru\/gidroizoljacija\/membrany-pvh-tpo\/#breadcrumb\",\"itemListElement\":[{\"@type\":\"ListItem\",\"position\":1,\"name\":\"Home\",\"item\":\"https:\/\/montaco.md\/ru\/\"},{\"@type\":\"ListItem\",\"position\":2,\"name\":\"\u0413\u0438\u0434\u0440\u043e\u0438\u0437\u043e\u043b\u044f\u0446\u0438\u044f\",\"item\":\"https:\/\/montaco.md\/ru\/gidroizoljacija\/\"},{\"@type\":\"ListItem\",\"position\":3,\"name\":\"\u041c\u0435\u043c\u0431\u0440\u0430\u043d\u044b \u041f\u0412\u0425 \/ \u0422\u041f\u041e\"}]},{\"@type\":\"WebSite\",\"@id\":\"https:\/\/montaco.md\/ru\/#website\",\"url\":\"https:\/\/montaco.md\/ru\/\",\"name\":\"MONTACO\",\"description\":\"Renov\u0103ri case la cheie \u00een toat\u0103 Moldova\",\"publisher\":{\"@id\":\"https:\/\/montaco.md\/ru\/#organization\"},\"potentialAction\":[{\"@type\":\"SearchAction\",\"target\":{\"@type\":\"EntryPoint\",\"urlTemplate\":\"https:\/\/montaco.md\/ru\/?s={search_term_string}\"},\"query-input\":{\"@type\":\"PropertyValueSpecification\",\"valueRequired\":true,\"valueName\":\"search_term_string\"}}],\"inLanguage\":\"ru-RU\"},{\"@type\":\"Organization\",\"@id\":\"https:\/\/montaco.md\/ru\/#organization\",\"name\":\"MONTACO\",\"url\":\"https:\/\/montaco.md\/ru\/\",\"logo\":{\"@type\":\"ImageObject\",\"inLanguage\":\"ru-RU\",\"@id\":\"https:\/\/montaco.md\/ru\/#\/schema\/logo\/image\/\",\"url\":\"https:\/\/montaco.md\/wp-content\/uploads\/2023\/03\/square-logo-for-site.png\",\"contentUrl\":\"https:\/\/montaco.md\/wp-content\/uploads\/2023\/03\/square-logo-for-site.png\",\"width\":696,\"height\":696,\"caption\":\"MONTACO\"},\"image\":{\"@id\":\"https:\/\/montaco.md\/ru\/#\/schema\/logo\/image\/\"},\"sameAs\":[\"https:\/\/www.facebook.com\/acoperisuri.md\",\"https:\/\/t.me\/montacomd\",\"https:\/\/www.instagram.com\/montaco.md\/\",\"https:\/\/www.youtube.com\/@montaco4071\",\"https:\/\/www.tiktok.com\/@montaco.md\"]}]}<\/script>\n<!-- \/ Yoast SEO plugin. -->","yoast_head_json":{"title":"\u041c\u0435\u043c\u0431\u0440\u0430\u043d\u044b \u041f\u0412\u0425 \u0438 \u0422\u041f\u041e \u0434\u043b\u044f \u0433\u0438\u0434\u0440\u043e\u0438\u0437\u043e\u043b\u044f\u0446\u0438\u0438 \u041a\u0438\u0448\u0438\u043d\u0451\u0432, \u041c\u043e\u043b\u0434\u043e\u0432\u0430","description":"\u041f\u043e\u043b\u0438\u043c\u0435\u0440\u043d\u044b\u0435 \u043c\u0435\u043c\u0431\u0440\u0430\u043d\u044b \u041f\u0412\u0425 \u0438 \u0422\u041f\u041e - \u043d\u043e\u0432\u0435\u0439\u0448\u0438\u0435 \u0433\u0438\u0434\u0440\u043e\u0438\u0437\u043e\u043b\u044f\u0446\u0438\u043e\u043d\u043d\u044b\u0435 \u043c\u0430\u0442\u0435\u0440\u0438\u0430\u043b\u044b, \u043f\u0440\u0435\u0434\u043d\u0430\u0437\u043d\u0430\u0447\u0435\u043d\u044b \u0434\u043b\u044f \u0433\u0438\u0434\u0440\u043e\u0438\u0437\u043e\u043b\u044f\u0446\u0438\u0438 \u0442\u0435\u0440\u0440\u0430\u0441, \u043a\u0440\u044b\u0448, \u0444\u0443\u043d\u0434\u0430\u043c\u0435\u043d\u0442\u043e\u0432 \u0438 \u0431\u0430\u0441\u0441\u0435\u0439\u043d\u043e\u0432.","robots":{"index":"index","follow":"follow","max-snippet":"max-snippet:-1","max-image-preview":"max-image-preview:large","max-video-preview":"max-video-preview:-1"},"canonical":"https:\/\/montaco.md\/ru\/gidroizoljacija\/membrany-pvh-tpo\/","og_locale":"ru_RU","og_type":"article","og_title":"\u041c\u0435\u043c\u0431\u0440\u0430\u043d\u044b \u041f\u0412\u0425 \u0438 \u0422\u041f\u041e \u0434\u043b\u044f \u0433\u0438\u0434\u0440\u043e\u0438\u0437\u043e\u043b\u044f\u0446\u0438\u0438 \u041a\u0438\u0448\u0438\u043d\u0451\u0432, \u041c\u043e\u043b\u0434\u043e\u0432\u0430","og_description":"\u041f\u043e\u043b\u0438\u043c\u0435\u0440\u043d\u044b\u0435 \u043c\u0435\u043c\u0431\u0440\u0430\u043d\u044b \u041f\u0412\u0425 \u0438 \u0422\u041f\u041e - \u043d\u043e\u0432\u0435\u0439\u0448\u0438\u0435 \u0433\u0438\u0434\u0440\u043e\u0438\u0437\u043e\u043b\u044f\u0446\u0438\u043e\u043d\u043d\u044b\u0435 \u043c\u0430\u0442\u0435\u0440\u0438\u0430\u043b\u044b, \u043f\u0440\u0435\u0434\u043d\u0430\u0437\u043d\u0430\u0447\u0435\u043d\u044b \u0434\u043b\u044f \u0433\u0438\u0434\u0440\u043e\u0438\u0437\u043e\u043b\u044f\u0446\u0438\u0438 \u0442\u0435\u0440\u0440\u0430\u0441, \u043a\u0440\u044b\u0448, \u0444\u0443\u043d\u0434\u0430\u043c\u0435\u043d\u0442\u043e\u0432 \u0438 \u0431\u0430\u0441\u0441\u0435\u0439\u043d\u043e\u0432.","og_url":"https:\/\/montaco.md\/ru\/gidroizoljacija\/membrany-pvh-tpo\/","og_site_name":"MONTACO","article_publisher":"https:\/\/www.facebook.com\/acoperisuri.md","article_modified_time":"2023-03-30T07:42:05+00:00","og_image":[{"width":1200,"height":675,"url":"https:\/\/montaco.md\/wp-content\/uploads\/2023\/03\/montaco-backup-featured.jpg","type":"image\/jpeg"}],"twitter_card":"summary_large_image","schema":{"@context":"https:\/\/schema.org","@graph":[{"@type":"WebPage","@id":"https:\/\/montaco.md\/ru\/gidroizoljacija\/membrany-pvh-tpo\/","url":"https:\/\/montaco.md\/ru\/gidroizoljacija\/membrany-pvh-tpo\/","name":"\u041c\u0435\u043c\u0431\u0440\u0430\u043d\u044b \u041f\u0412\u0425 \u0438 \u0422\u041f\u041e \u0434\u043b\u044f \u0433\u0438\u0434\u0440\u043e\u0438\u0437\u043e\u043b\u044f\u0446\u0438\u0438 \u041a\u0438\u0448\u0438\u043d\u0451\u0432, \u041c\u043e\u043b\u0434\u043e\u0432\u0430","isPartOf":{"@id":"https:\/\/montaco.md\/ru\/#website"},"datePublished":"2023-01-20T15:13:28+00:00","dateModified":"2023-03-30T07:42:05+00:00","description":"\u041f\u043e\u043b\u0438\u043c\u0435\u0440\u043d\u044b\u0435 \u043c\u0435\u043c\u0431\u0440\u0430\u043d\u044b \u041f\u0412\u0425 \u0438 \u0422\u041f\u041e - \u043d\u043e\u0432\u0435\u0439\u0448\u0438\u0435 \u0433\u0438\u0434\u0440\u043e\u0438\u0437\u043e\u043b\u044f\u0446\u0438\u043e\u043d\u043d\u044b\u0435 \u043c\u0430\u0442\u0435\u0440\u0438\u0430\u043b\u044b, \u043f\u0440\u0435\u0434\u043d\u0430\u0437\u043d\u0430\u0447\u0435\u043d\u044b \u0434\u043b\u044f \u0433\u0438\u0434\u0440\u043e\u0438\u0437\u043e\u043b\u044f\u0446\u0438\u0438 \u0442\u0435\u0440\u0440\u0430\u0441, \u043a\u0440\u044b\u0448, \u0444\u0443\u043d\u0434\u0430\u043c\u0435\u043d\u0442\u043e\u0432 \u0438 \u0431\u0430\u0441\u0441\u0435\u0439\u043d\u043e\u0432.","breadcrumb":{"@id":"https:\/\/montaco.md\/ru\/gidroizoljacija\/membrany-pvh-tpo\/#breadcrumb"},"inLanguage":"ru-RU","potentialAction":[{"@type":"ReadAction","target":["https:\/\/montaco.md\/ru\/gidroizoljacija\/membrany-pvh-tpo\/"]}]},{"@type":"BreadcrumbList","@id":"https:\/\/montaco.md\/ru\/gidroizoljacija\/membrany-pvh-tpo\/#breadcrumb","itemListElement":[{"@type":"ListItem","position":1,"name":"Home","item":"https:\/\/montaco.md\/ru\/"},{"@type":"ListItem","position":2,"name":"\u0413\u0438\u0434\u0440\u043e\u0438\u0437\u043e\u043b\u044f\u0446\u0438\u044f","item":"https:\/\/montaco.md\/ru\/gidroizoljacija\/"},{"@type":"ListItem","position":3,"name":"\u041c\u0435\u043c\u0431\u0440\u0430\u043d\u044b \u041f\u0412\u0425 \/ \u0422\u041f\u041e"}]},{"@type":"WebSite","@id":"https:\/\/montaco.md\/ru\/#website","url":"https:\/\/montaco.md\/ru\/","name":"MONTACO","description":"Renov\u0103ri case la cheie \u00een toat\u0103 Moldova","publisher":{"@id":"https:\/\/montaco.md\/ru\/#organization"},"potentialAction":[{"@type":"SearchAction","target":{"@type":"EntryPoint","urlTemplate":"https:\/\/montaco.md\/ru\/?s={search_term_string}"},"query-input":{"@type":"PropertyValueSpecification","valueRequired":true,"valueName":"search_term_string"}}],"inLanguage":"ru-RU"},{"@type":"Organization","@id":"https:\/\/montaco.md\/ru\/#organization","name":"MONTACO","url":"https:\/\/montaco.md\/ru\/","logo":{"@type":"ImageObject","inLanguage":"ru-RU","@id":"https:\/\/montaco.md\/ru\/#\/schema\/logo\/image\/","url":"https:\/\/montaco.md\/wp-content\/uploads\/2023\/03\/square-logo-for-site.png","contentUrl":"https:\/\/montaco.md\/wp-content\/uploads\/2023\/03\/square-logo-for-site.png","width":696,"height":696,"caption":"MONTACO"},"image":{"@id":"https:\/\/montaco.md\/ru\/#\/schema\/logo\/image\/"},"sameAs":["https:\/\/www.facebook.com\/acoperisuri.md","https:\/\/t.me\/montacomd","https:\/\/www.instagram.com\/montaco.md\/","https:\/\/www.youtube.com\/@montaco4071","https:\/\/www.tiktok.com\/@montaco.md"]}]}},"_links":{"self":[{"href":"https:\/\/montaco.md\/ru\/wp-json\/wp\/v2\/pages\/7957","targetHints":{"allow":["GET"]}}],"collection":[{"href":"https:\/\/montaco.md\/ru\/wp-json\/wp\/v2\/pages"}],"about":[{"href":"https:\/\/montaco.md\/ru\/wp-json\/wp\/v2\/types\/page"}],"author":[{"embeddable":true,"href":"https:\/\/montaco.md\/ru\/wp-json\/wp\/v2\/users\/5"}],"replies":[{"embeddable":true,"href":"https:\/\/montaco.md\/ru\/wp-json\/wp\/v2\/comments?post=7957"}],"version-history":[{"count":0,"href":"https:\/\/montaco.md\/ru\/wp-json\/wp\/v2\/pages\/7957\/revisions"}],"up":[{"embeddable":true,"href":"https:\/\/montaco.md\/ru\/wp-json\/wp\/v2\/pages\/7533"}],"wp:attachment":[{"href":"https:\/\/montaco.md\/ru\/wp-json\/wp\/v2\/media?parent=7957"}],"curies":[{"name":"wp","href":"https:\/\/api.w.org\/{rel}","templated":true}]}}