{"id":7499,"date":"2023-02-01T10:52:51","date_gmt":"2023-02-01T08:52:51","guid":{"rendered":"http:\/\/m.pixelsavenue.top\/?page_id=7499"},"modified":"2023-03-28T14:01:40","modified_gmt":"2023-03-28T11:01:40","slug":"dekorativnye-shtukaturki","status":"publish","type":"page","link":"https:\/\/montaco.md\/ru\/fasady\/dekorativnye-shtukaturki\/","title":{"rendered":"\u0414\u0435\u043a\u043e\u0440\u0430\u0442\u0438\u0432\u043d\u044b\u0435 \u0448\u0442\u0443\u043a\u0430\u0442\u0443\u0440\u043a\u0438"},"content":{"rendered":"<section class=\"top-banner\">\r\n\t<div class=\"image-layer\" style=\"background: url(https:\/\/montaco.md\/wp-content\/uploads\/2023\/02\/v-2-tencueli.jpg) no-repeat center; background-size: cover;\"><\/div>\r\n\t<div class=\"text-layer\">\r\n\t\t<div class=\"decor-element\">\r\n\t\t\t<span style=\"background: url(https:\/\/montaco.md\/wp-content\/themes\/montaco\/images\/polygon-6.svg) no-repeat center; background-size:cover;\"><\/span>\r\n\t\t<\/div>\r\n\t\t<div class=\"container\">\r\n\t\t\t<h1>\u0414\u0435\u043a\u043e\u0440\u0430\u0442\u0438\u0432\u043d\u044b\u0435 \u0448\u0442\u0443\u043a\u0430\u0442\u0443\u0440\u043a\u0438<\/h1>\r\n\t\t<\/div>\r\n\t<\/div>\r\n<\/section>\n\n<section class=\"brand-info-section pb-0\">\r\n\t<div class=\"container\">\r\n\t\t<h2 class=\"section-title color-secondary\"><span>\u0414\u0435\u043a\u043e\u0440\u0430\u0442\u0438\u0432\u043d\u044b\u0435 \u0448\u0442\u0443\u043a\u0430\u0442\u0443\u0440\u043a\u0438<\/span><\/h2>\r\n\t\t<div class=\"about-us-content\">\r\n\t\t\t<div class=\"row\">\r\n\t\t\t\t\t\t\t\t<div class=\"col-md-12\"><p>\u0414\u0435\u043a\u043e\u0440\u0430\u0442\u0438\u0432\u043d\u0430\u044f \u0448\u0442\u0443\u043a\u0430\u0442\u0443\u0440\u043a\u0430 \u2013 \u043f\u043e\u0441\u043b\u0435\u0434\u043d\u0438\u0439 \u0441\u043b\u043e\u0439 \u043e\u0442\u0434\u0435\u043b\u043a\u0438, \u043d\u0430\u043d\u0435\u0441\u0435\u043d\u043d\u044b\u0439 \u043d\u0430 \u0444\u0430\u0441\u0430\u0434 \u0434\u043e\u043c\u0430, \u0441 \u0432\u0430\u0436\u043d\u043e\u0439 \u0440\u043e\u043b\u044c\u044e \u0432 \u044d\u0441\u0442\u0435\u0442\u0438\u043a\u0435 \u0437\u0434\u0430\u043d\u0438\u044f, \u0442\u0430\u043a \u0438 \u0432 \u0437\u0430\u0449\u0438\u0442\u0435 \u043e\u0442 \u043e\u043a\u0440\u0443\u0436\u0430\u044e\u0449\u0438\u0445 \u0444\u0430\u043a\u0442\u043e\u0440\u043e\u0432. \u0414\u0435\u043a\u043e\u0440\u0430\u0442\u0438\u0432\u043d\u0430\u044f \u043a\u0430\u0447\u0435\u0441\u0442\u0432\u0435\u043d\u043d\u0430\u044f \u0448\u0442\u0443\u043a\u0430\u0442\u0443\u0440\u043a\u0430 \u0434\u043e\u043b\u0436\u043d\u0430 \u0431\u044b\u0442\u044c \u043f\u0440\u0435\u043f\u044f\u0442\u0441\u0442\u0432\u0438\u0435\u043c \u0434\u043b\u044f \u0432\u043d\u0435\u0448\u043d\u0438\u0445 \u0444\u0430\u043a\u0442\u043e\u0440\u043e\u0432, \u043a\u043e\u0442\u043e\u0440\u044b\u0435 \u043c\u043e\u0433\u0443\u0442 \u043f\u043e\u0432\u043b\u0438\u044f\u0442\u044c \u043d\u0430 \u0441\u0442\u0440\u0443\u043a\u0442\u0443\u0440\u0443 \u0437\u0434\u0430\u043d\u0438\u044f.<\/p>\n<\/div>\r\n\t\t\t\t\t\t\t<\/div>\r\n\t\t<\/div>\t\r\n\t<\/div>\r\n<\/section>\n\n<div class=\"product-variations-block\">\r\n\t\t<div class=\"container\">\r\n\t\t\t<div class=\"main-slider-column\">\r\n\t\t\t\t<div class=\"product-variations-main-slider owl-carousel\">\r\n\t\t\t\t\t\t\t\t\t\t\t\t\t\t\t<div class=\"variation-slide\" data-hash=\"sl-0\" data-thumb-1=\"https:\/\/montaco.md\/wp-content\/uploads\/2023\/02\/image-0-02-05-887e38407756da24a41388e7bd0be3b8d017d25147e068a834eff03680904fc6-V-1.jpg\" data-thumb-2=\"https:\/\/montaco.md\/wp-content\/uploads\/2023\/02\/image-0-02-05-849488bcee3ae4aafe98b6a228214b9ebe3d5bcc5053d1330f44b793ec55dc3d-V-1.jpg\" data-thumb-3=\"https:\/\/montaco.md\/wp-content\/uploads\/2023\/02\/image-0-02-05-dcb2eefabd08b512d2ea9a81b3e436c92af9aeea160d8fda5ac1984d6825ff38-V-1.jpg\" data-thumb-4=\"\">\r\n\t\t\t\t\t\t<h4>\u0414\u0435\u043a\u043e\u0440\u0430\u0442\u0438\u0432\u043d\u0430\u044f \u0448\u0442\u0443\u043a\u0430\u0442\u0443\u0440\u043a\u0430 \u0441 \u0445\u0443\u0434\u043e\u0436\u0435\u0441\u0442\u0432\u0435\u043d\u043d\u044b\u043c\u0438 \u044d\u043b\u0435\u043c\u0435\u043d\u0442\u0430\u043c\u0438<\/h4>\r\n\t\t\t\t\t\t<img decoding=\"async\" class=\"variation-slide-thumbnail\" src=\"https:\/\/montaco.md\/wp-content\/uploads\/2023\/02\/image-0-02-05-854753fc9fba3f18eb8a95b22edccda14afe0d55958c62b6789f9a9462245ba1-V-1.jpg\" alt=\"\">\r\n\t\t\t\t\t<\/div>\t\r\n\t\t\t\t\t\t\t\t\t\t\t\t\t\t\t<div class=\"variation-slide\" data-hash=\"sl-1\" data-thumb-1=\"https:\/\/montaco.md\/wp-content\/uploads\/2023\/02\/image-0-02-05-849488bcee3ae4aafe98b6a228214b9ebe3d5bcc5053d1330f44b793ec55dc3d-V-1.jpg\" data-thumb-2=\"https:\/\/montaco.md\/wp-content\/uploads\/2023\/02\/image-0-02-05-dcb2eefabd08b512d2ea9a81b3e436c92af9aeea160d8fda5ac1984d6825ff38-V-1.jpg\" data-thumb-3=\"\" data-thumb-4=\"\">\r\n\t\t\t\t\t\t<h4>\u0424\u0430\u0441\u0430\u0434 \u0434\u043e\u043c\u0430 \u0438\u0437 \u0434\u0435\u043a\u043e\u0440\u0430\u0442\u0438\u0432\u043d\u043e\u0439 \u0448\u0442\u0443\u043a\u0430\u0442\u0443\u0440\u043a\u0438<\/h4>\r\n\t\t\t\t\t\t<img decoding=\"async\" class=\"variation-slide-thumbnail\" src=\"https:\/\/montaco.md\/wp-content\/uploads\/2023\/02\/image-0-02-05-887e38407756da24a41388e7bd0be3b8d017d25147e068a834eff03680904fc6-V-1.jpg\" alt=\"\">\r\n\t\t\t\t\t<\/div>\t\r\n\t\t\t\t\t\t\t\t\t\t\t\t\t\t\t<div class=\"variation-slide\" data-hash=\"sl-2\" data-thumb-1=\"https:\/\/montaco.md\/wp-content\/uploads\/2023\/02\/image-0-02-05-dcb2eefabd08b512d2ea9a81b3e436c92af9aeea160d8fda5ac1984d6825ff38-V-1.jpg\" data-thumb-2=\"\" data-thumb-3=\"\" data-thumb-4=\"\">\r\n\t\t\t\t\t\t<h4>\u0414\u0435\u043a\u043e\u0440\u0430\u0442\u0438\u0432\u043d\u0430\u044f \u0448\u0442\u0443\u043a\u0430\u0442\u0443\u0440\u043a\u0430 \u043d\u0430 \u0444\u0430\u0441\u0430\u0434\u0435<\/h4>\r\n\t\t\t\t\t\t<img decoding=\"async\" class=\"variation-slide-thumbnail\" src=\"https:\/\/montaco.md\/wp-content\/uploads\/2023\/02\/image-0-02-05-849488bcee3ae4aafe98b6a228214b9ebe3d5bcc5053d1330f44b793ec55dc3d-V-1.jpg\" alt=\"\">\r\n\t\t\t\t\t<\/div>\t\r\n\t\t\t\t\t\t\t\t\t\t\t\t\t\t\t<div class=\"variation-slide\" data-hash=\"sl-3\" data-thumb-1=\"\" data-thumb-2=\"\" data-thumb-3=\"\" data-thumb-4=\"\">\r\n\t\t\t\t\t\t<h4>\u0414\u0435\u043a\u043e\u0440\u0430\u0442\u0438\u0432\u043d\u0430\u044f \u0448\u0442\u0443\u043a\u0430\u0442\u0443\u0440\u043d\u0430\u044f \u0441\u0442\u0440\u0443\u043a\u0442\u0443\u0440\u0430<\/h4>\r\n\t\t\t\t\t\t<img decoding=\"async\" class=\"variation-slide-thumbnail\" src=\"https:\/\/montaco.md\/wp-content\/uploads\/2023\/02\/image-0-02-05-dcb2eefabd08b512d2ea9a81b3e436c92af9aeea160d8fda5ac1984d6825ff38-V-1.jpg\" alt=\"\">\r\n\t\t\t\t\t<\/div>\t\r\n\t\t\t\t\t\t\t\t\t<\/div>\r\n\t\t\t\t<div class=\"product-variations-nav-slider owl-carousel\">\r\n\t\t\t\t\t\t\t\t\t\t<div>\r\n\t\t\t\t\t\t<a href=\"#sl-0\" class=\"variation-thumbnail\" style=\"background: url(https:\/\/montaco.md\/wp-content\/uploads\/2023\/02\/image-0-02-05-854753fc9fba3f18eb8a95b22edccda14afe0d55958c62b6789f9a9462245ba1-V-1.jpg) no-repeat center; background-size: cover;\"><\/a>\r\n\t\t\t\t\t<\/div>\r\n\t\t\t\t\t\t\t\t\t\t<div>\r\n\t\t\t\t\t\t<a href=\"#sl-1\" class=\"variation-thumbnail\" style=\"background: url(https:\/\/montaco.md\/wp-content\/uploads\/2023\/02\/image-0-02-05-887e38407756da24a41388e7bd0be3b8d017d25147e068a834eff03680904fc6-V-1.jpg) no-repeat center; background-size: cover;\"><\/a>\r\n\t\t\t\t\t<\/div>\r\n\t\t\t\t\t\t\t\t\t\t<div>\r\n\t\t\t\t\t\t<a href=\"#sl-2\" class=\"variation-thumbnail\" style=\"background: url(https:\/\/montaco.md\/wp-content\/uploads\/2023\/02\/image-0-02-05-849488bcee3ae4aafe98b6a228214b9ebe3d5bcc5053d1330f44b793ec55dc3d-V-1.jpg) no-repeat center; background-size: cover;\"><\/a>\r\n\t\t\t\t\t<\/div>\r\n\t\t\t\t\t\t\t\t\t\t<div>\r\n\t\t\t\t\t\t<a href=\"#sl-3\" class=\"variation-thumbnail\" style=\"background: url(https:\/\/montaco.md\/wp-content\/uploads\/2023\/02\/image-0-02-05-dcb2eefabd08b512d2ea9a81b3e436c92af9aeea160d8fda5ac1984d6825ff38-V-1.jpg) no-repeat center; background-size: cover;\"><\/a>\r\n\t\t\t\t\t<\/div>\r\n\t\t\t\t\t\t\t\t\t\r\n\t\t\t\t<\/div>\r\n\t\t\t<\/div>\r\n\t\t\t<div class=\"nav-slider-column\">\r\n\t\t\t\t<div class=\"nav-slider\">\r\n\t\t\t\t\t\t\t\t\t\t<div class=\"variation-nav-thumbnail thumbnail-1\" style=\"background: url(https:\/\/montaco.md\/wp-content\/uploads\/2023\/02\/image-0-02-05-887e38407756da24a41388e7bd0be3b8d017d25147e068a834eff03680904fc6-V-1.jpg) no-repeat center; background-size: cover;\">\r\n\t\t\t\t\t\t\t\t\t\t<\/div>\r\n\t\t\t\t\t\t\t\t\t\t<div class=\"variation-nav-thumbnail thumbnail-2\" style=\"background: url(https:\/\/montaco.md\/wp-content\/uploads\/2023\/02\/image-0-02-05-849488bcee3ae4aafe98b6a228214b9ebe3d5bcc5053d1330f44b793ec55dc3d-V-1.jpg) no-repeat center; background-size: cover;\">\r\n\t\t\t\t\t\t\t\t\t\t<\/div>\r\n\t\t\t\t\t\t\t\t\t\t<div class=\"variation-nav-thumbnail thumbnail-3\" style=\"background: url(https:\/\/montaco.md\/wp-content\/uploads\/2023\/02\/image-0-02-05-dcb2eefabd08b512d2ea9a81b3e436c92af9aeea160d8fda5ac1984d6825ff38-V-1.jpg) no-repeat center; background-size: cover;\">\r\n\t\t\t\t\t\t\t\t\t\t<\/div>\r\n\t\t\t\t\t\t\t\t\t\t<div class=\"variation-nav-thumbnail thumbnail-4\" style=\"background: url() no-repeat center; background-size: cover;\">\r\n\t\t\t\t\t\t\t\t\t\t\t<div class=\"more-items-block\" id=\"more-items-block\"><div>+<span><\/span><\/div><\/div>\r\n\t\t\t\t\t\t\t\t\t\t<\/div>\r\n\t\t\t\t\t\t\t\t\t\t\t\t\t\t\t\t\t\t\t\t\t\t\t\t\r\n\t\t\t\t<\/div>\t\t\t\t\t\t\t\r\n\t\t\t<\/div>\r\n\t\t\t<div class=\"clear\"><\/div>\r\n\t\t<\/div>\r\n\t<\/div>\r\n\n\n","protected":false},"excerpt":{"rendered":"","protected":false},"author":5,"featured_media":0,"parent":7471,"menu_order":0,"comment_status":"closed","ping_status":"closed","template":"custom-template.php","meta":{"_acf_changed":false,"footnotes":""},"class_list":["post-7499","page","type-page","status-publish","hentry"],"acf":[],"yoast_head":"<!-- This site is optimized with the Yoast SEO plugin v26.8 - https:\/\/yoast.com\/product\/yoast-seo-wordpress\/ -->\n<title>\u0414\u0435\u043a\u043e\u0440\u0430\u0442\u0438\u0432\u043d\u044b\u0435 \u0448\u0442\u0443\u043a\u0430\u0442\u0443\u0440\u043a\u0438 \u0434\u043b\u044f \u0441\u0442\u0435\u043d \u0444\u0430\u0441\u0430\u0434\u0430 \u0434\u043e\u043c\u0430 \u0432 \u041c\u043e\u043b\u0434\u043e\u0432\u0435<\/title>\n<meta name=\"description\" content=\"\u0414\u0435\u043a\u043e\u0440\u0430\u0442\u0438\u0432\u043d\u044b\u0435 \u0448\u0442\u0443\u043a\u0430\u0442\u0443\u0440\u043a\u0438 \u0440\u0430\u0437\u043d\u044b\u0445 \u0441\u0442\u0440\u0443\u043a\u0442\u0443\u0440 \u0441 \u0444\u043e\u0442\u043e, \u0434\u043b\u044f \u043d\u0430\u0440\u0443\u0436\u043d\u044b\u0445 \u0440\u043e\u0431\u043e\u0442 \u0434\u043b\u044f \u0441\u0442\u0435\u043d \u0444\u0430\u0441\u0430\u0434\u0430 \u0434\u043e\u043c\u0430 \u043e\u0442 \u0438\u0437\u0432\u0435\u0441\u0442\u043d\u044b\u0445 \u043f\u0440\u043e\u0438\u0437\u0432\u043e\u0434\u0438\u0442\u0435\u043b\u0435\u0439 Baumit \u0438 Caparol \u0438\u0442\u0434.\" \/>\n<meta name=\"robots\" content=\"index, follow, max-snippet:-1, max-image-preview:large, max-video-preview:-1\" \/>\n<link rel=\"canonical\" href=\"https:\/\/montaco.md\/ru\/fasady\/dekorativnye-shtukaturki\/\" \/>\n<meta property=\"og:locale\" content=\"ru_RU\" \/>\n<meta property=\"og:type\" content=\"article\" \/>\n<meta property=\"og:title\" content=\"\u0414\u0435\u043a\u043e\u0440\u0430\u0442\u0438\u0432\u043d\u044b\u0435 \u0448\u0442\u0443\u043a\u0430\u0442\u0443\u0440\u043a\u0438 \u0434\u043b\u044f \u0441\u0442\u0435\u043d \u0444\u0430\u0441\u0430\u0434\u0430 \u0434\u043e\u043c\u0430 \u0432 \u041c\u043e\u043b\u0434\u043e\u0432\u0435\" \/>\n<meta property=\"og:description\" content=\"\u0414\u0435\u043a\u043e\u0440\u0430\u0442\u0438\u0432\u043d\u044b\u0435 \u0448\u0442\u0443\u043a\u0430\u0442\u0443\u0440\u043a\u0438 \u0440\u0430\u0437\u043d\u044b\u0445 \u0441\u0442\u0440\u0443\u043a\u0442\u0443\u0440 \u0441 \u0444\u043e\u0442\u043e, \u0434\u043b\u044f \u043d\u0430\u0440\u0443\u0436\u043d\u044b\u0445 \u0440\u043e\u0431\u043e\u0442 \u0434\u043b\u044f \u0441\u0442\u0435\u043d \u0444\u0430\u0441\u0430\u0434\u0430 \u0434\u043e\u043c\u0430 \u043e\u0442 \u0438\u0437\u0432\u0435\u0441\u0442\u043d\u044b\u0445 \u043f\u0440\u043e\u0438\u0437\u0432\u043e\u0434\u0438\u0442\u0435\u043b\u0435\u0439 Baumit \u0438 Caparol \u0438\u0442\u0434.\" \/>\n<meta property=\"og:url\" content=\"https:\/\/montaco.md\/ru\/fasady\/dekorativnye-shtukaturki\/\" \/>\n<meta property=\"og:site_name\" content=\"MONTACO\" \/>\n<meta property=\"article:publisher\" content=\"https:\/\/www.facebook.com\/acoperisuri.md\" \/>\n<meta property=\"article:modified_time\" content=\"2023-03-28T11:01:40+00:00\" \/>\n<meta property=\"og:image\" content=\"https:\/\/montaco.md\/wp-content\/uploads\/2023\/03\/montaco-backup-featured.jpg\" \/>\n\t<meta property=\"og:image:width\" content=\"1200\" \/>\n\t<meta property=\"og:image:height\" content=\"675\" \/>\n\t<meta property=\"og:image:type\" content=\"image\/jpeg\" \/>\n<meta name=\"twitter:card\" content=\"summary_large_image\" \/>\n<script type=\"application\/ld+json\" class=\"yoast-schema-graph\">{\"@context\":\"https:\/\/schema.org\",\"@graph\":[{\"@type\":\"WebPage\",\"@id\":\"https:\/\/montaco.md\/ru\/fasady\/dekorativnye-shtukaturki\/\",\"url\":\"https:\/\/montaco.md\/ru\/fasady\/dekorativnye-shtukaturki\/\",\"name\":\"\u0414\u0435\u043a\u043e\u0440\u0430\u0442\u0438\u0432\u043d\u044b\u0435 \u0448\u0442\u0443\u043a\u0430\u0442\u0443\u0440\u043a\u0438 \u0434\u043b\u044f \u0441\u0442\u0435\u043d \u0444\u0430\u0441\u0430\u0434\u0430 \u0434\u043e\u043c\u0430 \u0432 \u041c\u043e\u043b\u0434\u043e\u0432\u0435\",\"isPartOf\":{\"@id\":\"https:\/\/montaco.md\/ru\/#website\"},\"datePublished\":\"2023-02-01T08:52:51+00:00\",\"dateModified\":\"2023-03-28T11:01:40+00:00\",\"description\":\"\u0414\u0435\u043a\u043e\u0440\u0430\u0442\u0438\u0432\u043d\u044b\u0435 \u0448\u0442\u0443\u043a\u0430\u0442\u0443\u0440\u043a\u0438 \u0440\u0430\u0437\u043d\u044b\u0445 \u0441\u0442\u0440\u0443\u043a\u0442\u0443\u0440 \u0441 \u0444\u043e\u0442\u043e, \u0434\u043b\u044f \u043d\u0430\u0440\u0443\u0436\u043d\u044b\u0445 \u0440\u043e\u0431\u043e\u0442 \u0434\u043b\u044f \u0441\u0442\u0435\u043d \u0444\u0430\u0441\u0430\u0434\u0430 \u0434\u043e\u043c\u0430 \u043e\u0442 \u0438\u0437\u0432\u0435\u0441\u0442\u043d\u044b\u0445 \u043f\u0440\u043e\u0438\u0437\u0432\u043e\u0434\u0438\u0442\u0435\u043b\u0435\u0439 Baumit \u0438 Caparol \u0438\u0442\u0434.\",\"breadcrumb\":{\"@id\":\"https:\/\/montaco.md\/ru\/fasady\/dekorativnye-shtukaturki\/#breadcrumb\"},\"inLanguage\":\"ru-RU\",\"potentialAction\":[{\"@type\":\"ReadAction\",\"target\":[\"https:\/\/montaco.md\/ru\/fasady\/dekorativnye-shtukaturki\/\"]}]},{\"@type\":\"BreadcrumbList\",\"@id\":\"https:\/\/montaco.md\/ru\/fasady\/dekorativnye-shtukaturki\/#breadcrumb\",\"itemListElement\":[{\"@type\":\"ListItem\",\"position\":1,\"name\":\"Home\",\"item\":\"https:\/\/montaco.md\/ru\/\"},{\"@type\":\"ListItem\",\"position\":2,\"name\":\"\u0424\u0430\u0441\u0430\u0434\u044b\",\"item\":\"https:\/\/montaco.md\/ru\/fasady\/\"},{\"@type\":\"ListItem\",\"position\":3,\"name\":\"\u0414\u0435\u043a\u043e\u0440\u0430\u0442\u0438\u0432\u043d\u044b\u0435 \u0448\u0442\u0443\u043a\u0430\u0442\u0443\u0440\u043a\u0438\"}]},{\"@type\":\"WebSite\",\"@id\":\"https:\/\/montaco.md\/ru\/#website\",\"url\":\"https:\/\/montaco.md\/ru\/\",\"name\":\"MONTACO\",\"description\":\"Renov\u0103ri case la cheie \u00een toat\u0103 Moldova\",\"publisher\":{\"@id\":\"https:\/\/montaco.md\/ru\/#organization\"},\"potentialAction\":[{\"@type\":\"SearchAction\",\"target\":{\"@type\":\"EntryPoint\",\"urlTemplate\":\"https:\/\/montaco.md\/ru\/?s={search_term_string}\"},\"query-input\":{\"@type\":\"PropertyValueSpecification\",\"valueRequired\":true,\"valueName\":\"search_term_string\"}}],\"inLanguage\":\"ru-RU\"},{\"@type\":\"Organization\",\"@id\":\"https:\/\/montaco.md\/ru\/#organization\",\"name\":\"MONTACO\",\"url\":\"https:\/\/montaco.md\/ru\/\",\"logo\":{\"@type\":\"ImageObject\",\"inLanguage\":\"ru-RU\",\"@id\":\"https:\/\/montaco.md\/ru\/#\/schema\/logo\/image\/\",\"url\":\"https:\/\/montaco.md\/wp-content\/uploads\/2023\/03\/square-logo-for-site.png\",\"contentUrl\":\"https:\/\/montaco.md\/wp-content\/uploads\/2023\/03\/square-logo-for-site.png\",\"width\":696,\"height\":696,\"caption\":\"MONTACO\"},\"image\":{\"@id\":\"https:\/\/montaco.md\/ru\/#\/schema\/logo\/image\/\"},\"sameAs\":[\"https:\/\/www.facebook.com\/acoperisuri.md\",\"https:\/\/t.me\/montacomd\",\"https:\/\/www.instagram.com\/montaco.md\/\",\"https:\/\/www.youtube.com\/@montaco4071\",\"https:\/\/www.tiktok.com\/@montaco.md\"]}]}<\/script>\n<!-- \/ Yoast SEO plugin. -->","yoast_head_json":{"title":"\u0414\u0435\u043a\u043e\u0440\u0430\u0442\u0438\u0432\u043d\u044b\u0435 \u0448\u0442\u0443\u043a\u0430\u0442\u0443\u0440\u043a\u0438 \u0434\u043b\u044f \u0441\u0442\u0435\u043d \u0444\u0430\u0441\u0430\u0434\u0430 \u0434\u043e\u043c\u0430 \u0432 \u041c\u043e\u043b\u0434\u043e\u0432\u0435","description":"\u0414\u0435\u043a\u043e\u0440\u0430\u0442\u0438\u0432\u043d\u044b\u0435 \u0448\u0442\u0443\u043a\u0430\u0442\u0443\u0440\u043a\u0438 \u0440\u0430\u0437\u043d\u044b\u0445 \u0441\u0442\u0440\u0443\u043a\u0442\u0443\u0440 \u0441 \u0444\u043e\u0442\u043e, \u0434\u043b\u044f \u043d\u0430\u0440\u0443\u0436\u043d\u044b\u0445 \u0440\u043e\u0431\u043e\u0442 \u0434\u043b\u044f \u0441\u0442\u0435\u043d \u0444\u0430\u0441\u0430\u0434\u0430 \u0434\u043e\u043c\u0430 \u043e\u0442 \u0438\u0437\u0432\u0435\u0441\u0442\u043d\u044b\u0445 \u043f\u0440\u043e\u0438\u0437\u0432\u043e\u0434\u0438\u0442\u0435\u043b\u0435\u0439 Baumit \u0438 Caparol \u0438\u0442\u0434.","robots":{"index":"index","follow":"follow","max-snippet":"max-snippet:-1","max-image-preview":"max-image-preview:large","max-video-preview":"max-video-preview:-1"},"canonical":"https:\/\/montaco.md\/ru\/fasady\/dekorativnye-shtukaturki\/","og_locale":"ru_RU","og_type":"article","og_title":"\u0414\u0435\u043a\u043e\u0440\u0430\u0442\u0438\u0432\u043d\u044b\u0435 \u0448\u0442\u0443\u043a\u0430\u0442\u0443\u0440\u043a\u0438 \u0434\u043b\u044f \u0441\u0442\u0435\u043d \u0444\u0430\u0441\u0430\u0434\u0430 \u0434\u043e\u043c\u0430 \u0432 \u041c\u043e\u043b\u0434\u043e\u0432\u0435","og_description":"\u0414\u0435\u043a\u043e\u0440\u0430\u0442\u0438\u0432\u043d\u044b\u0435 \u0448\u0442\u0443\u043a\u0430\u0442\u0443\u0440\u043a\u0438 \u0440\u0430\u0437\u043d\u044b\u0445 \u0441\u0442\u0440\u0443\u043a\u0442\u0443\u0440 \u0441 \u0444\u043e\u0442\u043e, \u0434\u043b\u044f \u043d\u0430\u0440\u0443\u0436\u043d\u044b\u0445 \u0440\u043e\u0431\u043e\u0442 \u0434\u043b\u044f \u0441\u0442\u0435\u043d \u0444\u0430\u0441\u0430\u0434\u0430 \u0434\u043e\u043c\u0430 \u043e\u0442 \u0438\u0437\u0432\u0435\u0441\u0442\u043d\u044b\u0445 \u043f\u0440\u043e\u0438\u0437\u0432\u043e\u0434\u0438\u0442\u0435\u043b\u0435\u0439 Baumit \u0438 Caparol \u0438\u0442\u0434.","og_url":"https:\/\/montaco.md\/ru\/fasady\/dekorativnye-shtukaturki\/","og_site_name":"MONTACO","article_publisher":"https:\/\/www.facebook.com\/acoperisuri.md","article_modified_time":"2023-03-28T11:01:40+00:00","og_image":[{"width":1200,"height":675,"url":"https:\/\/montaco.md\/wp-content\/uploads\/2023\/03\/montaco-backup-featured.jpg","type":"image\/jpeg"}],"twitter_card":"summary_large_image","schema":{"@context":"https:\/\/schema.org","@graph":[{"@type":"WebPage","@id":"https:\/\/montaco.md\/ru\/fasady\/dekorativnye-shtukaturki\/","url":"https:\/\/montaco.md\/ru\/fasady\/dekorativnye-shtukaturki\/","name":"\u0414\u0435\u043a\u043e\u0440\u0430\u0442\u0438\u0432\u043d\u044b\u0435 \u0448\u0442\u0443\u043a\u0430\u0442\u0443\u0440\u043a\u0438 \u0434\u043b\u044f \u0441\u0442\u0435\u043d \u0444\u0430\u0441\u0430\u0434\u0430 \u0434\u043e\u043c\u0430 \u0432 \u041c\u043e\u043b\u0434\u043e\u0432\u0435","isPartOf":{"@id":"https:\/\/montaco.md\/ru\/#website"},"datePublished":"2023-02-01T08:52:51+00:00","dateModified":"2023-03-28T11:01:40+00:00","description":"\u0414\u0435\u043a\u043e\u0440\u0430\u0442\u0438\u0432\u043d\u044b\u0435 \u0448\u0442\u0443\u043a\u0430\u0442\u0443\u0440\u043a\u0438 \u0440\u0430\u0437\u043d\u044b\u0445 \u0441\u0442\u0440\u0443\u043a\u0442\u0443\u0440 \u0441 \u0444\u043e\u0442\u043e, \u0434\u043b\u044f \u043d\u0430\u0440\u0443\u0436\u043d\u044b\u0445 \u0440\u043e\u0431\u043e\u0442 \u0434\u043b\u044f \u0441\u0442\u0435\u043d \u0444\u0430\u0441\u0430\u0434\u0430 \u0434\u043e\u043c\u0430 \u043e\u0442 \u0438\u0437\u0432\u0435\u0441\u0442\u043d\u044b\u0445 \u043f\u0440\u043e\u0438\u0437\u0432\u043e\u0434\u0438\u0442\u0435\u043b\u0435\u0439 Baumit \u0438 Caparol \u0438\u0442\u0434.","breadcrumb":{"@id":"https:\/\/montaco.md\/ru\/fasady\/dekorativnye-shtukaturki\/#breadcrumb"},"inLanguage":"ru-RU","potentialAction":[{"@type":"ReadAction","target":["https:\/\/montaco.md\/ru\/fasady\/dekorativnye-shtukaturki\/"]}]},{"@type":"BreadcrumbList","@id":"https:\/\/montaco.md\/ru\/fasady\/dekorativnye-shtukaturki\/#breadcrumb","itemListElement":[{"@type":"ListItem","position":1,"name":"Home","item":"https:\/\/montaco.md\/ru\/"},{"@type":"ListItem","position":2,"name":"\u0424\u0430\u0441\u0430\u0434\u044b","item":"https:\/\/montaco.md\/ru\/fasady\/"},{"@type":"ListItem","position":3,"name":"\u0414\u0435\u043a\u043e\u0440\u0430\u0442\u0438\u0432\u043d\u044b\u0435 \u0448\u0442\u0443\u043a\u0430\u0442\u0443\u0440\u043a\u0438"}]},{"@type":"WebSite","@id":"https:\/\/montaco.md\/ru\/#website","url":"https:\/\/montaco.md\/ru\/","name":"MONTACO","description":"Renov\u0103ri case la cheie \u00een toat\u0103 Moldova","publisher":{"@id":"https:\/\/montaco.md\/ru\/#organization"},"potentialAction":[{"@type":"SearchAction","target":{"@type":"EntryPoint","urlTemplate":"https:\/\/montaco.md\/ru\/?s={search_term_string}"},"query-input":{"@type":"PropertyValueSpecification","valueRequired":true,"valueName":"search_term_string"}}],"inLanguage":"ru-RU"},{"@type":"Organization","@id":"https:\/\/montaco.md\/ru\/#organization","name":"MONTACO","url":"https:\/\/montaco.md\/ru\/","logo":{"@type":"ImageObject","inLanguage":"ru-RU","@id":"https:\/\/montaco.md\/ru\/#\/schema\/logo\/image\/","url":"https:\/\/montaco.md\/wp-content\/uploads\/2023\/03\/square-logo-for-site.png","contentUrl":"https:\/\/montaco.md\/wp-content\/uploads\/2023\/03\/square-logo-for-site.png","width":696,"height":696,"caption":"MONTACO"},"image":{"@id":"https:\/\/montaco.md\/ru\/#\/schema\/logo\/image\/"},"sameAs":["https:\/\/www.facebook.com\/acoperisuri.md","https:\/\/t.me\/montacomd","https:\/\/www.instagram.com\/montaco.md\/","https:\/\/www.youtube.com\/@montaco4071","https:\/\/www.tiktok.com\/@montaco.md"]}]}},"_links":{"self":[{"href":"https:\/\/montaco.md\/ru\/wp-json\/wp\/v2\/pages\/7499","targetHints":{"allow":["GET"]}}],"collection":[{"href":"https:\/\/montaco.md\/ru\/wp-json\/wp\/v2\/pages"}],"about":[{"href":"https:\/\/montaco.md\/ru\/wp-json\/wp\/v2\/types\/page"}],"author":[{"embeddable":true,"href":"https:\/\/montaco.md\/ru\/wp-json\/wp\/v2\/users\/5"}],"replies":[{"embeddable":true,"href":"https:\/\/montaco.md\/ru\/wp-json\/wp\/v2\/comments?post=7499"}],"version-history":[{"count":0,"href":"https:\/\/montaco.md\/ru\/wp-json\/wp\/v2\/pages\/7499\/revisions"}],"up":[{"embeddable":true,"href":"https:\/\/montaco.md\/ru\/wp-json\/wp\/v2\/pages\/7471"}],"wp:attachment":[{"href":"https:\/\/montaco.md\/ru\/wp-json\/wp\/v2\/media?parent=7499"}],"curies":[{"name":"wp","href":"https:\/\/api.w.org\/{rel}","templated":true}]}}