{"id":6708,"date":"2023-01-11T15:01:12","date_gmt":"2023-01-11T13:01:12","guid":{"rendered":"http:\/\/m.pixelsavenue.top\/blog\/"},"modified":"2023-03-31T12:50:17","modified_gmt":"2023-03-31T09:50:17","slug":"blog","status":"publish","type":"page","link":"https:\/\/montaco.md\/ru\/blog\/","title":{"rendered":"\u0411\u043b\u043e\u0433"},"content":{"rendered":"","protected":false},"excerpt":{"rendered":"","protected":false},"author":5,"featured_media":4965,"parent":0,"menu_order":0,"comment_status":"closed","ping_status":"closed","template":"blog.php","meta":{"_acf_changed":false,"footnotes":""},"class_list":["post-6708","page","type-page","status-publish","has-post-thumbnail","hentry"],"acf":[],"yoast_head":"<!-- This site is optimized with the Yoast SEO plugin v26.8 - https:\/\/yoast.com\/product\/yoast-seo-wordpress\/ -->\n<title>C\u043e\u0432\u0435\u0442\u044b \u0438 \u0438\u043d\u0441\u0442\u0440\u0443\u043a\u0446\u0438\u0438 \u043f\u043e \u0440\u0435\u043c\u043e\u043d\u0442\u0443 \u043a\u0440\u044b\u0448\u0438 \u0432 \u041c\u043e\u043b\u0434\u043e\u0432\u0435<\/title>\n<meta name=\"description\" content=\"\u0418\u043d\u0444\u043e\u0440\u043c\u0430\u0446\u0438\u044f \u043e \u043a\u0440\u043e\u0432\u043b\u0435, \u043a\u043e\u043d\u0441\u0443\u043b\u044c\u0442\u0430\u0446\u0438\u0438 \u0438 \u043f\u043e\u043b\u0435\u0437\u043d\u044b\u0435 \u0441\u043e\u0432\u0435\u0442\u044b, \u0441\u0432\u044f\u0437\u0430\u043d\u043d\u044b\u0435 \u0441 \u0440\u0435\u043a\u043e\u043d\u0441\u0442\u0440\u0443\u043a\u0446\u0438\u0435\u0439, \u043a\u0440\u043e\u0432\u0435\u043b\u044c\u043d\u044b\u043c\u0438 \u043c\u0430\u0442\u0435\u0440\u0438\u0430\u043b\u0430\u043c\u0438. Str. \u0410\u0441\u0430\u0447\u0438 60, \u041a\u0438\u0448\u0438\u043d\u0451\u0432, \u041c\u043e\u043b\u0434\u043e\u0432\u0430.\" \/>\n<meta name=\"robots\" content=\"index, follow, max-snippet:-1, max-image-preview:large, max-video-preview:-1\" \/>\n<link rel=\"canonical\" href=\"https:\/\/montaco.md\/ru\/blog\/\" \/>\n<meta property=\"og:locale\" content=\"ru_RU\" \/>\n<meta property=\"og:type\" content=\"article\" \/>\n<meta property=\"og:title\" content=\"C\u043e\u0432\u0435\u0442\u044b \u0438 \u0438\u043d\u0441\u0442\u0440\u0443\u043a\u0446\u0438\u0438 \u043f\u043e \u0440\u0435\u043c\u043e\u043d\u0442\u0443 \u043a\u0440\u044b\u0448\u0438 \u0432 \u041c\u043e\u043b\u0434\u043e\u0432\u0435\" \/>\n<meta property=\"og:description\" content=\"\u0418\u043d\u0444\u043e\u0440\u043c\u0430\u0446\u0438\u044f \u043e \u043a\u0440\u043e\u0432\u043b\u0435, \u043a\u043e\u043d\u0441\u0443\u043b\u044c\u0442\u0430\u0446\u0438\u0438 \u0438 \u043f\u043e\u043b\u0435\u0437\u043d\u044b\u0435 \u0441\u043e\u0432\u0435\u0442\u044b, \u0441\u0432\u044f\u0437\u0430\u043d\u043d\u044b\u0435 \u0441 \u0440\u0435\u043a\u043e\u043d\u0441\u0442\u0440\u0443\u043a\u0446\u0438\u0435\u0439, \u043a\u0440\u043e\u0432\u0435\u043b\u044c\u043d\u044b\u043c\u0438 \u043c\u0430\u0442\u0435\u0440\u0438\u0430\u043b\u0430\u043c\u0438. Str. \u0410\u0441\u0430\u0447\u0438 60, \u041a\u0438\u0448\u0438\u043d\u0451\u0432, \u041c\u043e\u043b\u0434\u043e\u0432\u0430.\" \/>\n<meta property=\"og:url\" content=\"https:\/\/montaco.md\/ru\/blog\/\" \/>\n<meta property=\"og:site_name\" content=\"MONTACO\" \/>\n<meta property=\"article:publisher\" content=\"https:\/\/www.facebook.com\/acoperisuri.md\" \/>\n<meta property=\"article:modified_time\" content=\"2023-03-31T09:50:17+00:00\" \/>\n<meta property=\"og:image\" content=\"https:\/\/montaco.md\/wp-content\/uploads\/2023\/01\/materials-roofs.jpg\" \/>\n\t<meta property=\"og:image:width\" content=\"1440\" \/>\n\t<meta property=\"og:image:height\" content=\"560\" \/>\n\t<meta property=\"og:image:type\" content=\"image\/jpeg\" \/>\n<meta name=\"twitter:card\" content=\"summary_large_image\" \/>\n<script type=\"application\/ld+json\" class=\"yoast-schema-graph\">{\"@context\":\"https:\/\/schema.org\",\"@graph\":[{\"@type\":\"WebPage\",\"@id\":\"https:\/\/montaco.md\/ru\/blog\/\",\"url\":\"https:\/\/montaco.md\/ru\/blog\/\",\"name\":\"C\u043e\u0432\u0435\u0442\u044b \u0438 \u0438\u043d\u0441\u0442\u0440\u0443\u043a\u0446\u0438\u0438 \u043f\u043e \u0440\u0435\u043c\u043e\u043d\u0442\u0443 \u043a\u0440\u044b\u0448\u0438 \u0432 \u041c\u043e\u043b\u0434\u043e\u0432\u0435\",\"isPartOf\":{\"@id\":\"https:\/\/montaco.md\/ru\/#website\"},\"primaryImageOfPage\":{\"@id\":\"https:\/\/montaco.md\/ru\/blog\/#primaryimage\"},\"image\":{\"@id\":\"https:\/\/montaco.md\/ru\/blog\/#primaryimage\"},\"thumbnailUrl\":\"https:\/\/montaco.md\/wp-content\/uploads\/2023\/01\/materials-roofs.jpg\",\"datePublished\":\"2023-01-11T13:01:12+00:00\",\"dateModified\":\"2023-03-31T09:50:17+00:00\",\"description\":\"\u0418\u043d\u0444\u043e\u0440\u043c\u0430\u0446\u0438\u044f \u043e \u043a\u0440\u043e\u0432\u043b\u0435, \u043a\u043e\u043d\u0441\u0443\u043b\u044c\u0442\u0430\u0446\u0438\u0438 \u0438 \u043f\u043e\u043b\u0435\u0437\u043d\u044b\u0435 \u0441\u043e\u0432\u0435\u0442\u044b, \u0441\u0432\u044f\u0437\u0430\u043d\u043d\u044b\u0435 \u0441 \u0440\u0435\u043a\u043e\u043d\u0441\u0442\u0440\u0443\u043a\u0446\u0438\u0435\u0439, \u043a\u0440\u043e\u0432\u0435\u043b\u044c\u043d\u044b\u043c\u0438 \u043c\u0430\u0442\u0435\u0440\u0438\u0430\u043b\u0430\u043c\u0438. Str. \u0410\u0441\u0430\u0447\u0438 60, \u041a\u0438\u0448\u0438\u043d\u0451\u0432, \u041c\u043e\u043b\u0434\u043e\u0432\u0430.\",\"breadcrumb\":{\"@id\":\"https:\/\/montaco.md\/ru\/blog\/#breadcrumb\"},\"inLanguage\":\"ru-RU\",\"potentialAction\":[{\"@type\":\"ReadAction\",\"target\":[\"https:\/\/montaco.md\/ru\/blog\/\"]}]},{\"@type\":\"ImageObject\",\"inLanguage\":\"ru-RU\",\"@id\":\"https:\/\/montaco.md\/ru\/blog\/#primaryimage\",\"url\":\"https:\/\/montaco.md\/wp-content\/uploads\/2023\/01\/materials-roofs.jpg\",\"contentUrl\":\"https:\/\/montaco.md\/wp-content\/uploads\/2023\/01\/materials-roofs.jpg\",\"width\":1440,\"height\":560},{\"@type\":\"BreadcrumbList\",\"@id\":\"https:\/\/montaco.md\/ru\/blog\/#breadcrumb\",\"itemListElement\":[{\"@type\":\"ListItem\",\"position\":1,\"name\":\"Home\",\"item\":\"https:\/\/montaco.md\/ru\/\"},{\"@type\":\"ListItem\",\"position\":2,\"name\":\"\u0411\u043b\u043e\u0433\"}]},{\"@type\":\"WebSite\",\"@id\":\"https:\/\/montaco.md\/ru\/#website\",\"url\":\"https:\/\/montaco.md\/ru\/\",\"name\":\"MONTACO\",\"description\":\"Renov\u0103ri case la cheie \u00een toat\u0103 Moldova\",\"publisher\":{\"@id\":\"https:\/\/montaco.md\/ru\/#organization\"},\"potentialAction\":[{\"@type\":\"SearchAction\",\"target\":{\"@type\":\"EntryPoint\",\"urlTemplate\":\"https:\/\/montaco.md\/ru\/?s={search_term_string}\"},\"query-input\":{\"@type\":\"PropertyValueSpecification\",\"valueRequired\":true,\"valueName\":\"search_term_string\"}}],\"inLanguage\":\"ru-RU\"},{\"@type\":\"Organization\",\"@id\":\"https:\/\/montaco.md\/ru\/#organization\",\"name\":\"MONTACO\",\"url\":\"https:\/\/montaco.md\/ru\/\",\"logo\":{\"@type\":\"ImageObject\",\"inLanguage\":\"ru-RU\",\"@id\":\"https:\/\/montaco.md\/ru\/#\/schema\/logo\/image\/\",\"url\":\"https:\/\/montaco.md\/wp-content\/uploads\/2023\/03\/square-logo-for-site.png\",\"contentUrl\":\"https:\/\/montaco.md\/wp-content\/uploads\/2023\/03\/square-logo-for-site.png\",\"width\":696,\"height\":696,\"caption\":\"MONTACO\"},\"image\":{\"@id\":\"https:\/\/montaco.md\/ru\/#\/schema\/logo\/image\/\"},\"sameAs\":[\"https:\/\/www.facebook.com\/acoperisuri.md\",\"https:\/\/t.me\/montacomd\",\"https:\/\/www.instagram.com\/montaco.md\/\",\"https:\/\/www.youtube.com\/@montaco4071\",\"https:\/\/www.tiktok.com\/@montaco.md\"]}]}<\/script>\n<!-- \/ Yoast SEO plugin. -->","yoast_head_json":{"title":"C\u043e\u0432\u0435\u0442\u044b \u0438 \u0438\u043d\u0441\u0442\u0440\u0443\u043a\u0446\u0438\u0438 \u043f\u043e \u0440\u0435\u043c\u043e\u043d\u0442\u0443 \u043a\u0440\u044b\u0448\u0438 \u0432 \u041c\u043e\u043b\u0434\u043e\u0432\u0435","description":"\u0418\u043d\u0444\u043e\u0440\u043c\u0430\u0446\u0438\u044f \u043e \u043a\u0440\u043e\u0432\u043b\u0435, \u043a\u043e\u043d\u0441\u0443\u043b\u044c\u0442\u0430\u0446\u0438\u0438 \u0438 \u043f\u043e\u043b\u0435\u0437\u043d\u044b\u0435 \u0441\u043e\u0432\u0435\u0442\u044b, \u0441\u0432\u044f\u0437\u0430\u043d\u043d\u044b\u0435 \u0441 \u0440\u0435\u043a\u043e\u043d\u0441\u0442\u0440\u0443\u043a\u0446\u0438\u0435\u0439, \u043a\u0440\u043e\u0432\u0435\u043b\u044c\u043d\u044b\u043c\u0438 \u043c\u0430\u0442\u0435\u0440\u0438\u0430\u043b\u0430\u043c\u0438. Str. \u0410\u0441\u0430\u0447\u0438 60, \u041a\u0438\u0448\u0438\u043d\u0451\u0432, \u041c\u043e\u043b\u0434\u043e\u0432\u0430.","robots":{"index":"index","follow":"follow","max-snippet":"max-snippet:-1","max-image-preview":"max-image-preview:large","max-video-preview":"max-video-preview:-1"},"canonical":"https:\/\/montaco.md\/ru\/blog\/","og_locale":"ru_RU","og_type":"article","og_title":"C\u043e\u0432\u0435\u0442\u044b \u0438 \u0438\u043d\u0441\u0442\u0440\u0443\u043a\u0446\u0438\u0438 \u043f\u043e \u0440\u0435\u043c\u043e\u043d\u0442\u0443 \u043a\u0440\u044b\u0448\u0438 \u0432 \u041c\u043e\u043b\u0434\u043e\u0432\u0435","og_description":"\u0418\u043d\u0444\u043e\u0440\u043c\u0430\u0446\u0438\u044f \u043e \u043a\u0440\u043e\u0432\u043b\u0435, \u043a\u043e\u043d\u0441\u0443\u043b\u044c\u0442\u0430\u0446\u0438\u0438 \u0438 \u043f\u043e\u043b\u0435\u0437\u043d\u044b\u0435 \u0441\u043e\u0432\u0435\u0442\u044b, \u0441\u0432\u044f\u0437\u0430\u043d\u043d\u044b\u0435 \u0441 \u0440\u0435\u043a\u043e\u043d\u0441\u0442\u0440\u0443\u043a\u0446\u0438\u0435\u0439, \u043a\u0440\u043e\u0432\u0435\u043b\u044c\u043d\u044b\u043c\u0438 \u043c\u0430\u0442\u0435\u0440\u0438\u0430\u043b\u0430\u043c\u0438. Str. \u0410\u0441\u0430\u0447\u0438 60, \u041a\u0438\u0448\u0438\u043d\u0451\u0432, \u041c\u043e\u043b\u0434\u043e\u0432\u0430.","og_url":"https:\/\/montaco.md\/ru\/blog\/","og_site_name":"MONTACO","article_publisher":"https:\/\/www.facebook.com\/acoperisuri.md","article_modified_time":"2023-03-31T09:50:17+00:00","og_image":[{"width":1440,"height":560,"url":"https:\/\/montaco.md\/wp-content\/uploads\/2023\/01\/materials-roofs.jpg","type":"image\/jpeg"}],"twitter_card":"summary_large_image","schema":{"@context":"https:\/\/schema.org","@graph":[{"@type":"WebPage","@id":"https:\/\/montaco.md\/ru\/blog\/","url":"https:\/\/montaco.md\/ru\/blog\/","name":"C\u043e\u0432\u0435\u0442\u044b \u0438 \u0438\u043d\u0441\u0442\u0440\u0443\u043a\u0446\u0438\u0438 \u043f\u043e \u0440\u0435\u043c\u043e\u043d\u0442\u0443 \u043a\u0440\u044b\u0448\u0438 \u0432 \u041c\u043e\u043b\u0434\u043e\u0432\u0435","isPartOf":{"@id":"https:\/\/montaco.md\/ru\/#website"},"primaryImageOfPage":{"@id":"https:\/\/montaco.md\/ru\/blog\/#primaryimage"},"image":{"@id":"https:\/\/montaco.md\/ru\/blog\/#primaryimage"},"thumbnailUrl":"https:\/\/montaco.md\/wp-content\/uploads\/2023\/01\/materials-roofs.jpg","datePublished":"2023-01-11T13:01:12+00:00","dateModified":"2023-03-31T09:50:17+00:00","description":"\u0418\u043d\u0444\u043e\u0440\u043c\u0430\u0446\u0438\u044f \u043e \u043a\u0440\u043e\u0432\u043b\u0435, \u043a\u043e\u043d\u0441\u0443\u043b\u044c\u0442\u0430\u0446\u0438\u0438 \u0438 \u043f\u043e\u043b\u0435\u0437\u043d\u044b\u0435 \u0441\u043e\u0432\u0435\u0442\u044b, \u0441\u0432\u044f\u0437\u0430\u043d\u043d\u044b\u0435 \u0441 \u0440\u0435\u043a\u043e\u043d\u0441\u0442\u0440\u0443\u043a\u0446\u0438\u0435\u0439, \u043a\u0440\u043e\u0432\u0435\u043b\u044c\u043d\u044b\u043c\u0438 \u043c\u0430\u0442\u0435\u0440\u0438\u0430\u043b\u0430\u043c\u0438. Str. \u0410\u0441\u0430\u0447\u0438 60, \u041a\u0438\u0448\u0438\u043d\u0451\u0432, \u041c\u043e\u043b\u0434\u043e\u0432\u0430.","breadcrumb":{"@id":"https:\/\/montaco.md\/ru\/blog\/#breadcrumb"},"inLanguage":"ru-RU","potentialAction":[{"@type":"ReadAction","target":["https:\/\/montaco.md\/ru\/blog\/"]}]},{"@type":"ImageObject","inLanguage":"ru-RU","@id":"https:\/\/montaco.md\/ru\/blog\/#primaryimage","url":"https:\/\/montaco.md\/wp-content\/uploads\/2023\/01\/materials-roofs.jpg","contentUrl":"https:\/\/montaco.md\/wp-content\/uploads\/2023\/01\/materials-roofs.jpg","width":1440,"height":560},{"@type":"BreadcrumbList","@id":"https:\/\/montaco.md\/ru\/blog\/#breadcrumb","itemListElement":[{"@type":"ListItem","position":1,"name":"Home","item":"https:\/\/montaco.md\/ru\/"},{"@type":"ListItem","position":2,"name":"\u0411\u043b\u043e\u0433"}]},{"@type":"WebSite","@id":"https:\/\/montaco.md\/ru\/#website","url":"https:\/\/montaco.md\/ru\/","name":"MONTACO","description":"Renov\u0103ri case la cheie \u00een toat\u0103 Moldova","publisher":{"@id":"https:\/\/montaco.md\/ru\/#organization"},"potentialAction":[{"@type":"SearchAction","target":{"@type":"EntryPoint","urlTemplate":"https:\/\/montaco.md\/ru\/?s={search_term_string}"},"query-input":{"@type":"PropertyValueSpecification","valueRequired":true,"valueName":"search_term_string"}}],"inLanguage":"ru-RU"},{"@type":"Organization","@id":"https:\/\/montaco.md\/ru\/#organization","name":"MONTACO","url":"https:\/\/montaco.md\/ru\/","logo":{"@type":"ImageObject","inLanguage":"ru-RU","@id":"https:\/\/montaco.md\/ru\/#\/schema\/logo\/image\/","url":"https:\/\/montaco.md\/wp-content\/uploads\/2023\/03\/square-logo-for-site.png","contentUrl":"https:\/\/montaco.md\/wp-content\/uploads\/2023\/03\/square-logo-for-site.png","width":696,"height":696,"caption":"MONTACO"},"image":{"@id":"https:\/\/montaco.md\/ru\/#\/schema\/logo\/image\/"},"sameAs":["https:\/\/www.facebook.com\/acoperisuri.md","https:\/\/t.me\/montacomd","https:\/\/www.instagram.com\/montaco.md\/","https:\/\/www.youtube.com\/@montaco4071","https:\/\/www.tiktok.com\/@montaco.md"]}]}},"_links":{"self":[{"href":"https:\/\/montaco.md\/ru\/wp-json\/wp\/v2\/pages\/6708","targetHints":{"allow":["GET"]}}],"collection":[{"href":"https:\/\/montaco.md\/ru\/wp-json\/wp\/v2\/pages"}],"about":[{"href":"https:\/\/montaco.md\/ru\/wp-json\/wp\/v2\/types\/page"}],"author":[{"embeddable":true,"href":"https:\/\/montaco.md\/ru\/wp-json\/wp\/v2\/users\/5"}],"replies":[{"embeddable":true,"href":"https:\/\/montaco.md\/ru\/wp-json\/wp\/v2\/comments?post=6708"}],"version-history":[{"count":0,"href":"https:\/\/montaco.md\/ru\/wp-json\/wp\/v2\/pages\/6708\/revisions"}],"wp:featuredmedia":[{"embeddable":true,"href":"https:\/\/montaco.md\/ru\/wp-json\/wp\/v2\/media\/4965"}],"wp:attachment":[{"href":"https:\/\/montaco.md\/ru\/wp-json\/wp\/v2\/media?parent=6708"}],"curies":[{"name":"wp","href":"https:\/\/api.w.org\/{rel}","templated":true}]}}